{"id":3115,"date":"2015-07-09T15:44:21","date_gmt":"2015-07-09T15:44:21","guid":{"rendered":"https:\/\/www.mid-med.com\/de\/chirurgie\/chirurgie-de-lobesite\/"},"modified":"2016-10-18T13:00:06","modified_gmt":"2016-10-18T13:00:06","slug":"adipositaschirurgie","status":"publish","type":"page","link":"https:\/\/www.mid-med.com\/de\/chirurgie\/adipositaschirurgie\/","title":{"rendered":"Adipositaschirurgie"},"content":{"rendered":"<h2>1997 wurde die Adipositas\u00a0von der\u00a0Weltgesundheitsorganisation WHO (World Health\u00a0Organization) als\u00a0chronische\u00a0Krankheit eingestuft. Sie ist eine\u00a0der\u00a0gr\u00f6ssten\u00a0nichtinfeckti\u00f6sen Epidemien\u00a0des 21. Jahrhunderts.<\/h2>\n<p>Die Adipositas ist auf eine Ansammlung von \u00fcbersch\u00fcssigem Fett zur\u00fcckzuf\u00fchren, sie schadet der k\u00f6rperlichen und psychologischen Gesundheit. Die Adipositas hat negative Auswirkungen auf die Lebensqualit\u00e4t und f\u00fchrt zu ernsthaften sozialen Folgen.<\/p>\n<p><strong>Adipositas in der Welt:<\/strong><strong>\u00a0<\/strong>gem\u00e4\u00df der WHO sind \u00fcber 1,9 Milliarden Erwachsene \u00fcbergewichtig und\u00a0\/<strong>mehr als 600 Millionen Erwachsene<\/strong>\u00a0adip\u00f6s (Zahlen 2014). Fast 42 Millionen Kinder unter 5 Jahren sind \u00fcbergewichtig oder adip\u00f6s<b>.<\/b><\/p>\n<p><strong>Adipositas in Frankreich (Quelle OBEPI-ROCHE 2012):<\/strong><strong><br \/>\n<\/strong>15% der erwachsenen Bev\u00f6lkerung sind adip\u00f6s, das entspricht \u00fcber 6,9 Millionen Menschen.<br \/>\n32,3% der erwachsenen Bev\u00f6lkerung oder grob gesagt 14,8 Millionen Menschen sind \u00fcbergewichtig.<\/p>\n<p><strong>Mehr Infos \u00fcber die Welt<\/strong>:<\/p>\n<p><a href=\"http:\/\/www.worldobesity.org\/\" target=\"_blank\"><img loading=\"lazy\" decoding=\"async\" class=\" size-full wp-image-420 alignnone\" src=\"http:\/\/www.mid-med.com\/wp-content\/uploads\/2015\/04\/worldobesity.org_.jpg\" alt=\"worldobesity.org\" width=\"75\" height=\"71\" \/><\/a><\/p>\n<p><strong>Mehr Infos \u00fcber Frankreich :<\/strong><\/p>\n<div class=\"margin\">\n<div class=\"primary\"><a href=\"http:\/\/www.has-sante.fr\" target=\"_blank\"><img loading=\"lazy\" decoding=\"async\" width=\"188\" height=\"75\" class=\"size-full wp-image-784\" src=\"http:\/\/www.mid-med.com\/wp-content\/uploads\/2015\/05\/HAS.jpg\" alt=\"HAS\" \/><\/a><\/div>\n<div class=\"primary\"><a href=\"http:\/\/www.soffcomm.fr\/\" target=\"_blank\"><img loading=\"lazy\" decoding=\"async\" width=\"188\" height=\"75\" class=\"size-full wp-image-786\" src=\"http:\/\/www.mid-med.com\/wp-content\/uploads\/2015\/05\/soffco.jpg\" alt=\"soffco\" \/><\/a><\/div>\n<div class=\"primary\"><a href=\"http:\/\/www.afero.fr\/\" target=\"_blank\"><img loading=\"lazy\" decoding=\"async\" width=\"188\" height=\"75\" class=\"size-full wp-image-782\" src=\"http:\/\/www.mid-med.com\/wp-content\/uploads\/2015\/05\/afero.jpg\" alt=\"afero\" \/><\/a><\/div>\n<div class=\"clear\"><\/div>\n<\/div>\n<h4 class=\"consult\" style=\"text-align: center;\"><strong>FRAGEN SIE IHREN HAUSARZT\u00a0<\/strong><\/h4>\n","protected":false},"excerpt":{"rendered":"<p>1997 wurde die Adipositas\u00a0von der\u00a0Weltgesundheitsorganisation WHO (World Health\u00a0Organization) als\u00a0chronische\u00a0Krankheit eingestuft. Sie ist eine\u00a0der\u00a0gr\u00f6ssten\u00a0nichtinfeckti\u00f6sen Epidemien\u00a0des 21. Jahrhunderts. Die Adipositas ist auf eine Ansammlung von \u00fcbersch\u00fcssigem Fett zur\u00fcckzuf\u00fchren, sie schadet der k\u00f6rperlichen und psychologischen Gesundheit. Die Adipositas hat negative Auswirkungen auf die Lebensqualit\u00e4t und f\u00fchrt zu ernsthaften sozialen Folgen. Adipositas in der Welt:\u00a0gem\u00e4\u00df der WHO sind \u00fcber [&hellip;]<\/p>\n","protected":false},"author":1,"featured_media":0,"parent":3109,"menu_order":0,"comment_status":"closed","ping_status":"closed","template":"","meta":{"_acf_changed":false,"footnotes":""},"class_list":["post-3115","page","type-page","status-publish","hentry"],"acf":[],"yoast_head":"<!-- This site is optimized with the Yoast SEO plugin v26.7 - https:\/\/yoast.com\/wordpress\/plugins\/seo\/ -->\n<title>Adipositaschirurgie - chirurgische Behandlung-\u00dcbergewicht- Unterst\u00fctzung<\/title>\n<meta name=\"description\" content=\"Die Adipositas ist auf eine Ansammlung von \u00fcbersch\u00fcssigem Fett zur\u00fcckzuf\u00fchren, sie schadet der k\u00f6rperlichen und psychologischen Gesundheit. Die Adipositas..\" \/>\n<meta name=\"robots\" content=\"index, follow, max-snippet:-1, max-image-preview:large, max-video-preview:-1\" \/>\n<link rel=\"canonical\" href=\"https:\/\/www.mid-med.com\/de\/chirurgie\/adipositaschirurgie\/\" \/>\n<meta property=\"og:locale\" content=\"de_DE\" \/>\n<meta property=\"og:type\" content=\"article\" \/>\n<meta property=\"og:title\" content=\"Adipositaschirurgie - chirurgische Behandlung-\u00dcbergewicht- Unterst\u00fctzung\" \/>\n<meta property=\"og:description\" content=\"Die Adipositas ist auf eine Ansammlung von \u00fcbersch\u00fcssigem Fett zur\u00fcckzuf\u00fchren, sie schadet der k\u00f6rperlichen und psychologischen Gesundheit. Die Adipositas..\" \/>\n<meta property=\"og:url\" content=\"https:\/\/www.mid-med.com\/de\/chirurgie\/adipositaschirurgie\/\" \/>\n<meta property=\"og:site_name\" content=\"mid-med\" \/>\n<meta property=\"article:modified_time\" content=\"2016-10-18T13:00:06+00:00\" \/>\n<meta property=\"og:image\" content=\"http:\/\/www.mid-med.com\/wp-content\/uploads\/2015\/04\/worldobesity.org_.jpg\" \/>\n<meta name=\"twitter:label1\" content=\"Gesch\u00e4tzte Lesezeit\" \/>\n\t<meta name=\"twitter:data1\" content=\"1 Minute\" \/>\n<script type=\"application\/ld+json\" class=\"yoast-schema-graph\">{\"@context\":\"https:\/\/schema.org\",\"@graph\":[{\"@type\":\"WebPage\",\"@id\":\"https:\/\/www.mid-med.com\/de\/chirurgie\/adipositaschirurgie\/\",\"url\":\"https:\/\/www.mid-med.com\/de\/chirurgie\/adipositaschirurgie\/\",\"name\":\"Adipositaschirurgie - chirurgische Behandlung-\u00dcbergewicht- Unterst\u00fctzung\",\"isPartOf\":{\"@id\":\"https:\/\/www.mid-med.com\/#website\"},\"primaryImageOfPage\":{\"@id\":\"https:\/\/www.mid-med.com\/de\/chirurgie\/adipositaschirurgie\/#primaryimage\"},\"image\":{\"@id\":\"https:\/\/www.mid-med.com\/de\/chirurgie\/adipositaschirurgie\/#primaryimage\"},\"thumbnailUrl\":\"http:\/\/www.mid-med.com\/wp-content\/uploads\/2015\/04\/worldobesity.org_.jpg\",\"datePublished\":\"2015-07-09T15:44:21+00:00\",\"dateModified\":\"2016-10-18T13:00:06+00:00\",\"description\":\"Die Adipositas ist auf eine Ansammlung von \u00fcbersch\u00fcssigem Fett zur\u00fcckzuf\u00fchren, sie schadet der k\u00f6rperlichen und psychologischen Gesundheit. Die Adipositas..\",\"breadcrumb\":{\"@id\":\"https:\/\/www.mid-med.com\/de\/chirurgie\/adipositaschirurgie\/#breadcrumb\"},\"inLanguage\":\"de-DE\",\"potentialAction\":[{\"@type\":\"ReadAction\",\"target\":[\"https:\/\/www.mid-med.com\/de\/chirurgie\/adipositaschirurgie\/\"]}]},{\"@type\":\"ImageObject\",\"inLanguage\":\"de-DE\",\"@id\":\"https:\/\/www.mid-med.com\/de\/chirurgie\/adipositaschirurgie\/#primaryimage\",\"url\":\"http:\/\/www.mid-med.com\/wp-content\/uploads\/2015\/04\/worldobesity.org_.jpg\",\"contentUrl\":\"http:\/\/www.mid-med.com\/wp-content\/uploads\/2015\/04\/worldobesity.org_.jpg\"},{\"@type\":\"BreadcrumbList\",\"@id\":\"https:\/\/www.mid-med.com\/de\/chirurgie\/adipositaschirurgie\/#breadcrumb\",\"itemListElement\":[{\"@type\":\"ListItem\",\"position\":1,\"name\":\"Accueil\",\"item\":\"https:\/\/www.mid-med.com\/de\/\"},{\"@type\":\"ListItem\",\"position\":2,\"name\":\"Chirurgie\",\"item\":\"https:\/\/www.mid-med.com\/de\/chirurgie\/\"},{\"@type\":\"ListItem\",\"position\":3,\"name\":\"Adipositaschirurgie\"}]},{\"@type\":\"WebSite\",\"@id\":\"https:\/\/www.mid-med.com\/#website\",\"url\":\"https:\/\/www.mid-med.com\/\",\"name\":\"mid-med\",\"description\":\"\",\"publisher\":{\"@id\":\"https:\/\/www.mid-med.com\/#organization\"},\"potentialAction\":[{\"@type\":\"SearchAction\",\"target\":{\"@type\":\"EntryPoint\",\"urlTemplate\":\"https:\/\/www.mid-med.com\/?s={search_term_string}\"},\"query-input\":{\"@type\":\"PropertyValueSpecification\",\"valueRequired\":true,\"valueName\":\"search_term_string\"}}],\"inLanguage\":\"de-DE\"},{\"@type\":\"Organization\",\"@id\":\"https:\/\/www.mid-med.com\/#organization\",\"name\":\"M\u00e9dical Innovation D\u00e9veloppement\",\"url\":\"https:\/\/www.mid-med.com\/\",\"logo\":{\"@type\":\"ImageObject\",\"inLanguage\":\"de-DE\",\"@id\":\"https:\/\/www.mid-med.com\/#\/schema\/logo\/image\/\",\"url\":\"https:\/\/www.mid-med.com\/wp-content\/uploads\/2020\/02\/cropped-FAVICON.png\",\"contentUrl\":\"https:\/\/www.mid-med.com\/wp-content\/uploads\/2020\/02\/cropped-FAVICON.png\",\"width\":512,\"height\":512,\"caption\":\"M\u00e9dical Innovation D\u00e9veloppement\"},\"image\":{\"@id\":\"https:\/\/www.mid-med.com\/#\/schema\/logo\/image\/\"},\"sameAs\":[\"https:\/\/www.youtube.com\/channel\/UC9_dqw4pEUXutRtVfOBI15g\"]}]}<\/script>\n<!-- \/ Yoast SEO plugin. -->","yoast_head_json":{"title":"Adipositaschirurgie - chirurgische Behandlung-\u00dcbergewicht- Unterst\u00fctzung","description":"Die Adipositas ist auf eine Ansammlung von \u00fcbersch\u00fcssigem Fett zur\u00fcckzuf\u00fchren, sie schadet der k\u00f6rperlichen und psychologischen Gesundheit. Die Adipositas..","robots":{"index":"index","follow":"follow","max-snippet":"max-snippet:-1","max-image-preview":"max-image-preview:large","max-video-preview":"max-video-preview:-1"},"canonical":"https:\/\/www.mid-med.com\/de\/chirurgie\/adipositaschirurgie\/","og_locale":"de_DE","og_type":"article","og_title":"Adipositaschirurgie - chirurgische Behandlung-\u00dcbergewicht- Unterst\u00fctzung","og_description":"Die Adipositas ist auf eine Ansammlung von \u00fcbersch\u00fcssigem Fett zur\u00fcckzuf\u00fchren, sie schadet der k\u00f6rperlichen und psychologischen Gesundheit. Die Adipositas..","og_url":"https:\/\/www.mid-med.com\/de\/chirurgie\/adipositaschirurgie\/","og_site_name":"mid-med","article_modified_time":"2016-10-18T13:00:06+00:00","og_image":[{"url":"http:\/\/www.mid-med.com\/wp-content\/uploads\/2015\/04\/worldobesity.org_.jpg","type":"","width":"","height":""}],"twitter_misc":{"Gesch\u00e4tzte Lesezeit":"1 Minute"},"schema":{"@context":"https:\/\/schema.org","@graph":[{"@type":"WebPage","@id":"https:\/\/www.mid-med.com\/de\/chirurgie\/adipositaschirurgie\/","url":"https:\/\/www.mid-med.com\/de\/chirurgie\/adipositaschirurgie\/","name":"Adipositaschirurgie - chirurgische Behandlung-\u00dcbergewicht- Unterst\u00fctzung","isPartOf":{"@id":"https:\/\/www.mid-med.com\/#website"},"primaryImageOfPage":{"@id":"https:\/\/www.mid-med.com\/de\/chirurgie\/adipositaschirurgie\/#primaryimage"},"image":{"@id":"https:\/\/www.mid-med.com\/de\/chirurgie\/adipositaschirurgie\/#primaryimage"},"thumbnailUrl":"http:\/\/www.mid-med.com\/wp-content\/uploads\/2015\/04\/worldobesity.org_.jpg","datePublished":"2015-07-09T15:44:21+00:00","dateModified":"2016-10-18T13:00:06+00:00","description":"Die Adipositas ist auf eine Ansammlung von \u00fcbersch\u00fcssigem Fett zur\u00fcckzuf\u00fchren, sie schadet der k\u00f6rperlichen und psychologischen Gesundheit. Die Adipositas..","breadcrumb":{"@id":"https:\/\/www.mid-med.com\/de\/chirurgie\/adipositaschirurgie\/#breadcrumb"},"inLanguage":"de-DE","potentialAction":[{"@type":"ReadAction","target":["https:\/\/www.mid-med.com\/de\/chirurgie\/adipositaschirurgie\/"]}]},{"@type":"ImageObject","inLanguage":"de-DE","@id":"https:\/\/www.mid-med.com\/de\/chirurgie\/adipositaschirurgie\/#primaryimage","url":"http:\/\/www.mid-med.com\/wp-content\/uploads\/2015\/04\/worldobesity.org_.jpg","contentUrl":"http:\/\/www.mid-med.com\/wp-content\/uploads\/2015\/04\/worldobesity.org_.jpg"},{"@type":"BreadcrumbList","@id":"https:\/\/www.mid-med.com\/de\/chirurgie\/adipositaschirurgie\/#breadcrumb","itemListElement":[{"@type":"ListItem","position":1,"name":"Accueil","item":"https:\/\/www.mid-med.com\/de\/"},{"@type":"ListItem","position":2,"name":"Chirurgie","item":"https:\/\/www.mid-med.com\/de\/chirurgie\/"},{"@type":"ListItem","position":3,"name":"Adipositaschirurgie"}]},{"@type":"WebSite","@id":"https:\/\/www.mid-med.com\/#website","url":"https:\/\/www.mid-med.com\/","name":"mid-med","description":"","publisher":{"@id":"https:\/\/www.mid-med.com\/#organization"},"potentialAction":[{"@type":"SearchAction","target":{"@type":"EntryPoint","urlTemplate":"https:\/\/www.mid-med.com\/?s={search_term_string}"},"query-input":{"@type":"PropertyValueSpecification","valueRequired":true,"valueName":"search_term_string"}}],"inLanguage":"de-DE"},{"@type":"Organization","@id":"https:\/\/www.mid-med.com\/#organization","name":"M\u00e9dical Innovation D\u00e9veloppement","url":"https:\/\/www.mid-med.com\/","logo":{"@type":"ImageObject","inLanguage":"de-DE","@id":"https:\/\/www.mid-med.com\/#\/schema\/logo\/image\/","url":"https:\/\/www.mid-med.com\/wp-content\/uploads\/2020\/02\/cropped-FAVICON.png","contentUrl":"https:\/\/www.mid-med.com\/wp-content\/uploads\/2020\/02\/cropped-FAVICON.png","width":512,"height":512,"caption":"M\u00e9dical Innovation D\u00e9veloppement"},"image":{"@id":"https:\/\/www.mid-med.com\/#\/schema\/logo\/image\/"},"sameAs":["https:\/\/www.youtube.com\/channel\/UC9_dqw4pEUXutRtVfOBI15g"]}]}},"_links":{"self":[{"href":"https:\/\/www.mid-med.com\/de\/wp-json\/wp\/v2\/pages\/3115\/"}],"collection":[{"href":"https:\/\/www.mid-med.com\/de\/wp-json\/wp\/v2\/pages\/"}],"about":[{"href":"https:\/\/www.mid-med.com\/de\/wp-json\/wp\/v2\/types\/page\/"}],"author":[{"embeddable":true,"href":"https:\/\/www.mid-med.com\/de\/wp-json\/wp\/v2\/users\/1\/"}],"replies":[{"embeddable":true,"href":"https:\/\/www.mid-med.com\/de\/wp-json\/wp\/v2\/comments\/?post=3115"}],"version-history":[{"count":4,"href":"https:\/\/www.mid-med.com\/de\/wp-json\/wp\/v2\/pages\/3115\/revisions\/"}],"predecessor-version":[{"id":3903,"href":"https:\/\/www.mid-med.com\/de\/wp-json\/wp\/v2\/pages\/3115\/revisions\/3903\/"}],"up":[{"embeddable":true,"href":"https:\/\/www.mid-med.com\/de\/wp-json\/wp\/v2\/pages\/3109\/"}],"wp:attachment":[{"href":"https:\/\/www.mid-med.com\/de\/wp-json\/wp\/v2\/media\/?parent=3115"}],"curies":[{"name":"wp","href":"https:\/\/api.w.org\/{rel}","templated":true}]}}