{"id":7124,"date":"2022-07-07T15:21:27","date_gmt":"2022-07-07T15:21:27","guid":{"rendered":"https:\/\/www.mid-med.com\/?page_id=7124"},"modified":"2022-07-07T15:24:33","modified_gmt":"2022-07-07T15:24:33","slug":"gelehrte-gesellschaften","status":"publish","type":"page","link":"https:\/\/www.mid-med.com\/de\/gelehrte-gesellschaften\/","title":{"rendered":"Gelehrte Gesellschaften"},"content":{"rendered":"<h2>Gelehrte Gesellschaften in der Adipositaschirurgie<\/h2>\n<div class=\"primary\">\n<h3><a href=\"http:\/\/www.soffcomm.org\" target=\"_blank\" rel=\"noopener noreferrer\">Franz\u00f6sische Gesellschaft f\u00fcr Adipositaschirurgie (SOFFCO)<\/a><\/h3>\n<\/div>\n<div class=\"secondary\"><img loading=\"lazy\" decoding=\"async\" class=\"wp-image-692 alignright\" src=\"https:\/\/www.mid-med.com\/wp-content\/uploads\/2015\/04\/SOFFCO1.jpg\" alt=\"SOFFCO\" width=\"170\" height=\"89\" \/><\/div>\n<div class=\"clear\"><span style=\"color: #00ccff;\"><a style=\"color: #00ccff;\" href=\"https:\/\/www.mid-med.com\/congres-annuel-de-la-soffco-mm-2026\/\"><strong> Siehe Kongress SOFFCO-MM 2022<\/strong><\/a><\/span><\/div>\n<hr \/>\n<div class=\"primary\">\n<h3><a href=\"http:\/\/www.ifso.com\/\" target=\"_blank\" rel=\"noopener noreferrer\">International Federation for the Surgery of\u00a0<\/a><\/h3>\n<h3><a href=\"\/?p=2524\" target=\"_blank\" rel=\"noopener noreferrer\">Obesity and Metabolic Disorders (IFSO)<\/a><\/h3>\n<\/div>\n<div class=\"secondary\"><img loading=\"lazy\" decoding=\"async\" class=\" wp-image-690 alignright\" src=\"https:\/\/www.mid-med.com\/wp-content\/uploads\/2015\/04\/IFSO.gif\" alt=\"IFSO\" width=\"193\" height=\"66\" \/><\/div>\n<div class=\"clear\"><\/div>\n<div class=\"clear\"><\/div>\n<div class=\"clear\"><strong><span style=\"color: #00ccff;\"><a style=\"color: #00ccff;\" href=\"https:\/\/www.mid-med.com\/congres-ifso-2026\/\">Siehe n\u00e4chsten IFSO 2022 Kongress<\/a><\/span><\/strong><\/div>\n<div><\/div>\n<hr \/>\n<div class=\"primary\">\n<h3><a href=\"http:\/\/www.sicob.org\" target=\"_blank\" rel=\"noopener noreferrer\">Societ\u00e0 Italiana di Chirurgia dell&#8217;Obesit\u00e0 e delle Malattie Metaboliche (SICOB)<\/a><\/h3>\n<\/div>\n<div class=\"secondary\"><img loading=\"lazy\" decoding=\"async\" class=\" wp-image-686 alignright\" src=\"https:\/\/www.mid-med.com\/wp-content\/uploads\/2015\/04\/SICOB.jpg\" alt=\"SICOB\" width=\"124\" height=\"105\" \/><\/div>\n<div class=\"clear\"><a href=\"https:\/\/www.mid-med.com\/it\/sicob-2022\/\"><strong><span style=\"color: #33cccc;\"> Siehe den n\u00e4chsten SICOB-Kongress<\/span><\/strong><\/a><\/div>\n<div class=\"clear\"><\/div>\n<div class=\"clear\"><\/div>\n<div class=\"clear\"><\/div>\n<hr \/>\n<div class=\"primary\">\n<h3><a href=\"http:\/\/www.seco.org\/\" target=\"_blank\" rel=\"noopener noreferrer\">Sociedad Espanolade Cirugia de la Obesidad Morbida y de las\u00a0enfermedades Metabolicas (SECO)<\/a><\/h3>\n<\/div>\n<div class=\"secondary\"><img loading=\"lazy\" decoding=\"async\" class=\"wp-image-694 alignright\" src=\"https:\/\/www.mid-med.com\/wp-content\/uploads\/2015\/04\/SECO.jpg\" alt=\"SECO\" width=\"121\" height=\"121\" srcset=\"https:\/\/www.mid-med.com\/wp-content\/uploads\/2015\/04\/SECO.jpg 225w, https:\/\/www.mid-med.com\/wp-content\/uploads\/2015\/04\/SECO-200x200.jpg 200w\" sizes=\"auto, (max-width: 121px) 100vw, 121px\" \/><\/div>\n<div class=\"clear\"><\/div>\n<div class=\"clear\"><\/div>\n<div class=\"clear\"><a href=\"https:\/\/www.mid-med.com\/es\/seco-cirugia-de-la-obesidad\/\"><strong><span style=\"color: #33cccc;\"> Siehe n\u00e4chsten SECO-Kongress<\/span><\/strong><\/a><\/div>\n<div class=\"clear\"><\/div>\n<hr \/>\n<div class=\"primary\">\n<h3><a href=\"http:\/\/easo.org\/\" target=\"_blank\" rel=\"noopener noreferrer\">European Association forthe\u00a0Study\u00a0of\u00a0Obesity (EASO)<\/a><\/h3>\n<\/div>\n<div class=\"secondary\"><img loading=\"lazy\" decoding=\"async\" class=\" wp-image-688 alignright\" src=\"https:\/\/www.mid-med.com\/wp-content\/uploads\/2015\/04\/EASO.png\" alt=\"EASO\" width=\"154\" height=\"62\" srcset=\"https:\/\/www.mid-med.com\/wp-content\/uploads\/2015\/04\/EASO.png 318w, https:\/\/www.mid-med.com\/wp-content\/uploads\/2015\/04\/EASO-300x121.png 300w\" sizes=\"auto, (max-width: 154px) 100vw, 154px\" \/><\/div>\n<div class=\"clear\"><span style=\"color: #000000;\"><a style=\"color: #000000;\" href=\"\/?p=2524\" target=\"_blank\" rel=\"noopener noreferrer\"><strong>\u00a0<\/strong><\/a><\/span><\/div>\n<div class=\"clear\"><\/div>\n<div class=\"clear\"><a href=\"\/?p=2524\"><strong><span style=\"color: #33cccc;\"> Siehe n\u00e4chsten EASO-Kongress<\/span><\/strong><\/a><\/div>\n<div class=\"clear\"><\/div>\n<hr \/>\n<div class=\"primary\">\n<h3><a href=\"http:\/\/www.worldobesity.org\/\" target=\"_blank\" rel=\"noopener\">WORLD OBESITY (WOF)<\/a><\/h3>\n<\/div>\n<div class=\"secondary\"><img loading=\"lazy\" decoding=\"async\" class=\" wp-image-684 alignright\" src=\"https:\/\/www.mid-med.com\/wp-content\/uploads\/2015\/04\/WORLD-OBESITY.jpg\" alt=\"WORLD OBESITY\" width=\"164\" height=\"56\" srcset=\"https:\/\/www.mid-med.com\/wp-content\/uploads\/2015\/04\/WORLD-OBESITY.jpg 363w, https:\/\/www.mid-med.com\/wp-content\/uploads\/2015\/04\/WORLD-OBESITY-300x102.jpg 300w\" sizes=\"auto, (max-width: 164px) 100vw, 164px\" \/><\/div>\n<div class=\"clear\"><\/div>\n<div class=\"clear\"><\/div>\n<hr \/>\n<div class=\"primary\">\n<h3><a href=\"http:\/\/www.ossanz.com.au\/\" target=\"_blank\" rel=\"noopener noreferrer\">Obesity surgery Society of Australia &amp; New Zealand (OSSANZ)<\/a><\/h3>\n<div class=\"clear\"><strong><span style=\"color: #00ccff;\"><a style=\"color: #00ccff;\" href=\"https:\/\/www.mid-med.com\/anzmoss2022\/\">Sehen Sie sich die n\u00e4chste ANZMOSS-Veranstaltung an<\/a><\/span><\/strong><\/div>\n<\/div>\n<div class=\"secondary\"><img loading=\"lazy\" decoding=\"async\" class=\"wp-image-682 alignright\" src=\"https:\/\/www.mid-med.com\/wp-content\/uploads\/2015\/04\/ossanz_obesity_surgery_society_logo.jpg\" alt=\"ossanz_obesity_surgery_society_logo\" width=\"204\" height=\"63\" srcset=\"https:\/\/www.mid-med.com\/wp-content\/uploads\/2015\/04\/ossanz_obesity_surgery_society_logo.jpg 550w, https:\/\/www.mid-med.com\/wp-content\/uploads\/2015\/04\/ossanz_obesity_surgery_society_logo-300x93.jpg 300w, https:\/\/www.mid-med.com\/wp-content\/uploads\/2015\/04\/ossanz_obesity_surgery_society_logo-520x161.jpg 520w\" sizes=\"auto, (max-width: 204px) 100vw, 204px\" \/><\/div>\n<div class=\"clear\"><\/div>\n<div class=\"clear\"><\/div>\n<hr \/>\n<div class=\"primary\">\n<h3><a href=\"http:\/\/www.sbcb.org.br\/\" target=\"_blank\" rel=\"noopener noreferrer\">Sociedade Brasileira de Cirurgia Bari\u00e1trica e Metab\u00f3lica (SBCBM)<\/a><\/h3>\n<\/div>\n<div class=\"secondary\"><img loading=\"lazy\" decoding=\"async\" class=\" wp-image-680 alignright\" src=\"https:\/\/www.mid-med.com\/wp-content\/uploads\/2015\/04\/SBCBM.jpg\" alt=\"SBCBM\" width=\"179\" height=\"91\" \/><\/div>\n<div class=\"clear\"><\/div>\n<div class=\"clear\">\n<div class=\"clear\"><a href=\"https:\/\/www.mid-med.com\/pt-br\/sbcbm-2019\/\"><strong><span style=\"color: #33cccc;\">Sehen Sie sich die n\u00e4chste SBCBM-Veranstaltung an<\/span><\/strong><\/a><\/div>\n<\/div>\n<div class=\"clear\"><\/div>\n<hr \/>\n<div class=\"primary\">\n<h3><a href=\"http:\/\/www.sasmbs.net\/\" target=\"_blank\" rel=\"noopener noreferrer\">Saudi Arabian Society of Metabolic &amp; Bariatric\u00a0Surgery\u00a0(SASMBS)\u00a0<\/a><\/h3>\n<\/div>\n<div class=\"secondary\"><img loading=\"lazy\" decoding=\"async\" class=\" wp-image-678 alignright\" src=\"https:\/\/www.mid-med.com\/wp-content\/uploads\/2015\/04\/SASMBS.png\" alt=\"SASMBS\" width=\"173\" height=\"115\" srcset=\"https:\/\/www.mid-med.com\/wp-content\/uploads\/2015\/04\/SASMBS.png 321w, https:\/\/www.mid-med.com\/wp-content\/uploads\/2015\/04\/SASMBS-300x200.png 300w\" sizes=\"auto, (max-width: 173px) 100vw, 173px\" \/><\/div>\n<div class=\"clear\"><\/div>\n<div class=\"clear\"><\/div>\n<hr \/>\n<div class=\"primary\">\n<h3><a href=\"https:\/\/bomss.org\/\" target=\"_blank\" rel=\"noopener\">British Obesity &amp; Metabolic Surgery Society (BOMSS)<\/a><\/h3>\n<\/div>\n<div class=\"secondary\"><img loading=\"lazy\" decoding=\"async\" class=\"size-full wp-image-676 alignright\" src=\"http:\/\/www.mid-med.com\/wp-content\/uploads\/2015\/04\/BOMSS.jpg\" alt=\"BOMSS\" width=\"200\" height=\"88\" \/><\/div>\n<div class=\"clear\"><a href=\"https:\/\/www.mid-med.com\/en\/bomss-2025\/\"><strong><span style=\"color: #33cccc;\">Sehen Sie sich das n\u00e4chste BOMSS-Event an<\/span><\/strong><\/a><\/div>\n<div class=\"clear\"><\/div>\n<div class=\"clear\"><\/div>\n<hr \/>\n<div class=\"primary\"><\/div>\n<div class=\"secondary\"><\/div>\n<div class=\"clear\"><\/div>\n<div class=\"secondary\"><\/div>\n<div class=\"clear\"><\/div>\n","protected":false},"excerpt":{"rendered":"<p>Gelehrte Gesellschaften in der Adipositaschirurgie Franz\u00f6sische Gesellschaft f\u00fcr Adipositaschirurgie (SOFFCO) Siehe Kongress SOFFCO-MM 2022 International Federation for the Surgery of\u00a0 Obesity and Metabolic Disorders (IFSO) Siehe n\u00e4chsten IFSO 2022 Kongress Societ\u00e0 Italiana di Chirurgia dell&#8217;Obesit\u00e0 e delle Malattie Metaboliche (SICOB) Siehe den n\u00e4chsten SICOB-Kongress Sociedad Espanolade Cirugia de la Obesidad Morbida y de las\u00a0enfermedades Metabolicas [&hellip;]<\/p>\n","protected":false},"author":1,"featured_media":0,"parent":0,"menu_order":0,"comment_status":"closed","ping_status":"closed","template":"","meta":{"_acf_changed":false,"footnotes":""},"class_list":["post-7124","page","type-page","status-publish","hentry"],"acf":[],"yoast_head":"<!-- This site is optimized with the Yoast SEO plugin v26.7 - https:\/\/yoast.com\/wordpress\/plugins\/seo\/ -->\n<title>Gelehrte Gesellschaften - mid-med<\/title>\n<meta name=\"robots\" content=\"index, follow, max-snippet:-1, max-image-preview:large, max-video-preview:-1\" \/>\n<link rel=\"canonical\" href=\"https:\/\/www.mid-med.com\/de\/gelehrte-gesellschaften\/\" \/>\n<meta property=\"og:locale\" content=\"de_DE\" \/>\n<meta property=\"og:type\" content=\"article\" \/>\n<meta property=\"og:title\" content=\"Gelehrte Gesellschaften - mid-med\" \/>\n<meta property=\"og:description\" content=\"Gelehrte Gesellschaften in der Adipositaschirurgie Franz\u00f6sische Gesellschaft f\u00fcr Adipositaschirurgie (SOFFCO) Siehe Kongress SOFFCO-MM 2022 International Federation for the Surgery of\u00a0 Obesity and Metabolic Disorders (IFSO) Siehe n\u00e4chsten IFSO 2022 Kongress Societ\u00e0 Italiana di Chirurgia dell&#8217;Obesit\u00e0 e delle Malattie Metaboliche (SICOB) Siehe den n\u00e4chsten SICOB-Kongress Sociedad Espanolade Cirugia de la Obesidad Morbida y de las\u00a0enfermedades Metabolicas [&hellip;]\" \/>\n<meta property=\"og:url\" content=\"https:\/\/www.mid-med.com\/de\/gelehrte-gesellschaften\/\" \/>\n<meta property=\"og:site_name\" content=\"mid-med\" \/>\n<meta property=\"article:modified_time\" content=\"2022-07-07T15:24:33+00:00\" \/>\n<meta property=\"og:image\" content=\"https:\/\/www.mid-med.com\/wp-content\/uploads\/2015\/04\/SOFFCO1.jpg\" \/>\n<meta name=\"twitter:label1\" content=\"Gesch\u00e4tzte Lesezeit\" \/>\n\t<meta name=\"twitter:data1\" content=\"3 Minuten\" \/>\n<script type=\"application\/ld+json\" class=\"yoast-schema-graph\">{\"@context\":\"https:\/\/schema.org\",\"@graph\":[{\"@type\":\"WebPage\",\"@id\":\"https:\/\/www.mid-med.com\/de\/gelehrte-gesellschaften\/\",\"url\":\"https:\/\/www.mid-med.com\/de\/gelehrte-gesellschaften\/\",\"name\":\"Gelehrte Gesellschaften - mid-med\",\"isPartOf\":{\"@id\":\"https:\/\/www.mid-med.com\/#website\"},\"primaryImageOfPage\":{\"@id\":\"https:\/\/www.mid-med.com\/de\/gelehrte-gesellschaften\/#primaryimage\"},\"image\":{\"@id\":\"https:\/\/www.mid-med.com\/de\/gelehrte-gesellschaften\/#primaryimage\"},\"thumbnailUrl\":\"https:\/\/www.mid-med.com\/wp-content\/uploads\/2015\/04\/SOFFCO1.jpg\",\"datePublished\":\"2022-07-07T15:21:27+00:00\",\"dateModified\":\"2022-07-07T15:24:33+00:00\",\"breadcrumb\":{\"@id\":\"https:\/\/www.mid-med.com\/de\/gelehrte-gesellschaften\/#breadcrumb\"},\"inLanguage\":\"de-DE\",\"potentialAction\":[{\"@type\":\"ReadAction\",\"target\":[\"https:\/\/www.mid-med.com\/de\/gelehrte-gesellschaften\/\"]}]},{\"@type\":\"ImageObject\",\"inLanguage\":\"de-DE\",\"@id\":\"https:\/\/www.mid-med.com\/de\/gelehrte-gesellschaften\/#primaryimage\",\"url\":\"https:\/\/www.mid-med.com\/wp-content\/uploads\/2015\/04\/SOFFCO1.jpg\",\"contentUrl\":\"https:\/\/www.mid-med.com\/wp-content\/uploads\/2015\/04\/SOFFCO1.jpg\"},{\"@type\":\"BreadcrumbList\",\"@id\":\"https:\/\/www.mid-med.com\/de\/gelehrte-gesellschaften\/#breadcrumb\",\"itemListElement\":[{\"@type\":\"ListItem\",\"position\":1,\"name\":\"Accueil\",\"item\":\"https:\/\/www.mid-med.com\/de\/\"},{\"@type\":\"ListItem\",\"position\":2,\"name\":\"Gelehrte Gesellschaften\"}]},{\"@type\":\"WebSite\",\"@id\":\"https:\/\/www.mid-med.com\/#website\",\"url\":\"https:\/\/www.mid-med.com\/\",\"name\":\"mid-med\",\"description\":\"\",\"publisher\":{\"@id\":\"https:\/\/www.mid-med.com\/#organization\"},\"potentialAction\":[{\"@type\":\"SearchAction\",\"target\":{\"@type\":\"EntryPoint\",\"urlTemplate\":\"https:\/\/www.mid-med.com\/?s={search_term_string}\"},\"query-input\":{\"@type\":\"PropertyValueSpecification\",\"valueRequired\":true,\"valueName\":\"search_term_string\"}}],\"inLanguage\":\"de-DE\"},{\"@type\":\"Organization\",\"@id\":\"https:\/\/www.mid-med.com\/#organization\",\"name\":\"M\u00e9dical Innovation D\u00e9veloppement\",\"url\":\"https:\/\/www.mid-med.com\/\",\"logo\":{\"@type\":\"ImageObject\",\"inLanguage\":\"de-DE\",\"@id\":\"https:\/\/www.mid-med.com\/#\/schema\/logo\/image\/\",\"url\":\"https:\/\/www.mid-med.com\/wp-content\/uploads\/2020\/02\/cropped-FAVICON.png\",\"contentUrl\":\"https:\/\/www.mid-med.com\/wp-content\/uploads\/2020\/02\/cropped-FAVICON.png\",\"width\":512,\"height\":512,\"caption\":\"M\u00e9dical Innovation D\u00e9veloppement\"},\"image\":{\"@id\":\"https:\/\/www.mid-med.com\/#\/schema\/logo\/image\/\"},\"sameAs\":[\"https:\/\/www.youtube.com\/channel\/UC9_dqw4pEUXutRtVfOBI15g\"]}]}<\/script>\n<!-- \/ Yoast SEO plugin. -->","yoast_head_json":{"title":"Gelehrte Gesellschaften - mid-med","robots":{"index":"index","follow":"follow","max-snippet":"max-snippet:-1","max-image-preview":"max-image-preview:large","max-video-preview":"max-video-preview:-1"},"canonical":"https:\/\/www.mid-med.com\/de\/gelehrte-gesellschaften\/","og_locale":"de_DE","og_type":"article","og_title":"Gelehrte Gesellschaften - mid-med","og_description":"Gelehrte Gesellschaften in der Adipositaschirurgie Franz\u00f6sische Gesellschaft f\u00fcr Adipositaschirurgie (SOFFCO) Siehe Kongress SOFFCO-MM 2022 International Federation for the Surgery of\u00a0 Obesity and Metabolic Disorders (IFSO) Siehe n\u00e4chsten IFSO 2022 Kongress Societ\u00e0 Italiana di Chirurgia dell&#8217;Obesit\u00e0 e delle Malattie Metaboliche (SICOB) Siehe den n\u00e4chsten SICOB-Kongress Sociedad Espanolade Cirugia de la Obesidad Morbida y de las\u00a0enfermedades Metabolicas [&hellip;]","og_url":"https:\/\/www.mid-med.com\/de\/gelehrte-gesellschaften\/","og_site_name":"mid-med","article_modified_time":"2022-07-07T15:24:33+00:00","og_image":[{"url":"https:\/\/www.mid-med.com\/wp-content\/uploads\/2015\/04\/SOFFCO1.jpg","type":"","width":"","height":""}],"twitter_misc":{"Gesch\u00e4tzte Lesezeit":"3 Minuten"},"schema":{"@context":"https:\/\/schema.org","@graph":[{"@type":"WebPage","@id":"https:\/\/www.mid-med.com\/de\/gelehrte-gesellschaften\/","url":"https:\/\/www.mid-med.com\/de\/gelehrte-gesellschaften\/","name":"Gelehrte Gesellschaften - mid-med","isPartOf":{"@id":"https:\/\/www.mid-med.com\/#website"},"primaryImageOfPage":{"@id":"https:\/\/www.mid-med.com\/de\/gelehrte-gesellschaften\/#primaryimage"},"image":{"@id":"https:\/\/www.mid-med.com\/de\/gelehrte-gesellschaften\/#primaryimage"},"thumbnailUrl":"https:\/\/www.mid-med.com\/wp-content\/uploads\/2015\/04\/SOFFCO1.jpg","datePublished":"2022-07-07T15:21:27+00:00","dateModified":"2022-07-07T15:24:33+00:00","breadcrumb":{"@id":"https:\/\/www.mid-med.com\/de\/gelehrte-gesellschaften\/#breadcrumb"},"inLanguage":"de-DE","potentialAction":[{"@type":"ReadAction","target":["https:\/\/www.mid-med.com\/de\/gelehrte-gesellschaften\/"]}]},{"@type":"ImageObject","inLanguage":"de-DE","@id":"https:\/\/www.mid-med.com\/de\/gelehrte-gesellschaften\/#primaryimage","url":"https:\/\/www.mid-med.com\/wp-content\/uploads\/2015\/04\/SOFFCO1.jpg","contentUrl":"https:\/\/www.mid-med.com\/wp-content\/uploads\/2015\/04\/SOFFCO1.jpg"},{"@type":"BreadcrumbList","@id":"https:\/\/www.mid-med.com\/de\/gelehrte-gesellschaften\/#breadcrumb","itemListElement":[{"@type":"ListItem","position":1,"name":"Accueil","item":"https:\/\/www.mid-med.com\/de\/"},{"@type":"ListItem","position":2,"name":"Gelehrte Gesellschaften"}]},{"@type":"WebSite","@id":"https:\/\/www.mid-med.com\/#website","url":"https:\/\/www.mid-med.com\/","name":"mid-med","description":"","publisher":{"@id":"https:\/\/www.mid-med.com\/#organization"},"potentialAction":[{"@type":"SearchAction","target":{"@type":"EntryPoint","urlTemplate":"https:\/\/www.mid-med.com\/?s={search_term_string}"},"query-input":{"@type":"PropertyValueSpecification","valueRequired":true,"valueName":"search_term_string"}}],"inLanguage":"de-DE"},{"@type":"Organization","@id":"https:\/\/www.mid-med.com\/#organization","name":"M\u00e9dical Innovation D\u00e9veloppement","url":"https:\/\/www.mid-med.com\/","logo":{"@type":"ImageObject","inLanguage":"de-DE","@id":"https:\/\/www.mid-med.com\/#\/schema\/logo\/image\/","url":"https:\/\/www.mid-med.com\/wp-content\/uploads\/2020\/02\/cropped-FAVICON.png","contentUrl":"https:\/\/www.mid-med.com\/wp-content\/uploads\/2020\/02\/cropped-FAVICON.png","width":512,"height":512,"caption":"M\u00e9dical Innovation D\u00e9veloppement"},"image":{"@id":"https:\/\/www.mid-med.com\/#\/schema\/logo\/image\/"},"sameAs":["https:\/\/www.youtube.com\/channel\/UC9_dqw4pEUXutRtVfOBI15g"]}]}},"_links":{"self":[{"href":"https:\/\/www.mid-med.com\/de\/wp-json\/wp\/v2\/pages\/7124\/"}],"collection":[{"href":"https:\/\/www.mid-med.com\/de\/wp-json\/wp\/v2\/pages\/"}],"about":[{"href":"https:\/\/www.mid-med.com\/de\/wp-json\/wp\/v2\/types\/page\/"}],"author":[{"embeddable":true,"href":"https:\/\/www.mid-med.com\/de\/wp-json\/wp\/v2\/users\/1\/"}],"replies":[{"embeddable":true,"href":"https:\/\/www.mid-med.com\/de\/wp-json\/wp\/v2\/comments\/?post=7124"}],"version-history":[{"count":3,"href":"https:\/\/www.mid-med.com\/de\/wp-json\/wp\/v2\/pages\/7124\/revisions\/"}],"predecessor-version":[{"id":7139,"href":"https:\/\/www.mid-med.com\/de\/wp-json\/wp\/v2\/pages\/7124\/revisions\/7139\/"}],"wp:attachment":[{"href":"https:\/\/www.mid-med.com\/de\/wp-json\/wp\/v2\/media\/?parent=7124"}],"curies":[{"name":"wp","href":"https:\/\/api.w.org\/{rel}","templated":true}]}}