{"id":7233,"date":"2022-07-15T17:24:17","date_gmt":"2022-07-15T17:24:17","guid":{"rendered":"https:\/\/www.mid-med.com\/?page_id=7233"},"modified":"2022-07-15T17:24:17","modified_gmt":"2022-07-15T17:24:17","slug":"berechnen-sie-ihren-body-mass-index-bmi","status":"publish","type":"page","link":"https:\/\/www.mid-med.com\/de\/chirurgie\/berechnen-sie-ihren-body-mass-index-bmi\/","title":{"rendered":"Berechnen Sie Ihren Body-Mass-Index (BMI)"},"content":{"rendered":"<div class=\"bgbleu\">\n<div class=\"primary\">\n<h2>BMI-Berechnungslineal<\/h2>\n<p>Der BMI oder Body-Mass-Index bewertet die Korpulenz eines Menschen, um das Risiko f\u00fcr Erkrankungen durch \u00dcber- oder Untergewicht (Herz-Kreislauf-Erkrankungen, Bluthochdruck, Diabetes) einzusch\u00e4tzen. Teilen Sie dazu das Gewicht durch die K\u00f6rpergr\u00f6\u00dfe im Quadrat.<\/p>\n<p>Im Allgemeinen wird der BMI f\u00fcr Personen zwischen 18 und 65 Jahren berechnet. Kinder sind daher von dieser Ma\u00dfnahme nicht betroffen.<\/p>\n<\/div>\n<div class=\"secondary\"><iframe loading=\"lazy\" title=\"BMI\" src=\"https:\/\/www.mid-med.com\/wp-content\/themes\/mid-medicaldevice\/BMI\/bmiALL_html5.html\" width=\"500\" height=\"460\"><\/iframe><\/div>\n<div class=\"clear\"><\/div>\n<\/div>\n<p style=\"text-align: center;\">Die BMI-Klassifikation wurde von der Weltgesundheitsorganisation festgelegt.<\/p>\n<h4 class=\"consult\">KONSULTIEREN SIE IHREN BEHANDLENDEN ARZT<\/h4>\n","protected":false},"excerpt":{"rendered":"<p>BMI-Berechnungslineal Der BMI oder Body-Mass-Index bewertet die Korpulenz eines Menschen, um das Risiko f\u00fcr Erkrankungen durch \u00dcber- oder Untergewicht (Herz-Kreislauf-Erkrankungen, Bluthochdruck, Diabetes) einzusch\u00e4tzen. Teilen Sie dazu das Gewicht durch die K\u00f6rpergr\u00f6\u00dfe im Quadrat. Im Allgemeinen wird der BMI f\u00fcr Personen zwischen 18 und 65 Jahren berechnet. Kinder sind daher von dieser Ma\u00dfnahme nicht betroffen. Die [&hellip;]<\/p>\n","protected":false},"author":1,"featured_media":0,"parent":3109,"menu_order":0,"comment_status":"closed","ping_status":"closed","template":"","meta":{"_acf_changed":false,"footnotes":""},"class_list":["post-7233","page","type-page","status-publish","hentry"],"acf":[],"yoast_head":"<!-- This site is optimized with the Yoast SEO plugin v26.7 - https:\/\/yoast.com\/wordpress\/plugins\/seo\/ -->\n<title>Berechnen Sie Ihren Body-Mass-Index (BMI) - mid-med<\/title>\n<meta name=\"robots\" content=\"index, follow, max-snippet:-1, max-image-preview:large, max-video-preview:-1\" \/>\n<link rel=\"canonical\" href=\"https:\/\/www.mid-med.com\/de\/chirurgie\/berechnen-sie-ihren-body-mass-index-bmi\/\" \/>\n<meta property=\"og:locale\" content=\"de_DE\" \/>\n<meta property=\"og:type\" content=\"article\" \/>\n<meta property=\"og:title\" content=\"Berechnen Sie Ihren Body-Mass-Index (BMI) - mid-med\" \/>\n<meta property=\"og:description\" content=\"BMI-Berechnungslineal Der BMI oder Body-Mass-Index bewertet die Korpulenz eines Menschen, um das Risiko f\u00fcr Erkrankungen durch \u00dcber- oder Untergewicht (Herz-Kreislauf-Erkrankungen, Bluthochdruck, Diabetes) einzusch\u00e4tzen. Teilen Sie dazu das Gewicht durch die K\u00f6rpergr\u00f6\u00dfe im Quadrat. Im Allgemeinen wird der BMI f\u00fcr Personen zwischen 18 und 65 Jahren berechnet. Kinder sind daher von dieser Ma\u00dfnahme nicht betroffen. Die [&hellip;]\" \/>\n<meta property=\"og:url\" content=\"https:\/\/www.mid-med.com\/de\/chirurgie\/berechnen-sie-ihren-body-mass-index-bmi\/\" \/>\n<meta property=\"og:site_name\" content=\"mid-med\" \/>\n<meta property=\"og:image\" content=\"https:\/\/www.mid-med.com\/wp-content\/uploads\/2020\/02\/cropped-FAVICON.png\" \/>\n\t<meta property=\"og:image:width\" content=\"512\" \/>\n\t<meta property=\"og:image:height\" content=\"512\" \/>\n\t<meta property=\"og:image:type\" content=\"image\/png\" \/>\n<script type=\"application\/ld+json\" class=\"yoast-schema-graph\">{\"@context\":\"https:\/\/schema.org\",\"@graph\":[{\"@type\":\"WebPage\",\"@id\":\"https:\/\/www.mid-med.com\/de\/chirurgie\/berechnen-sie-ihren-body-mass-index-bmi\/\",\"url\":\"https:\/\/www.mid-med.com\/de\/chirurgie\/berechnen-sie-ihren-body-mass-index-bmi\/\",\"name\":\"Berechnen Sie Ihren Body-Mass-Index (BMI) - mid-med\",\"isPartOf\":{\"@id\":\"https:\/\/www.mid-med.com\/#website\"},\"datePublished\":\"2022-07-15T17:24:17+00:00\",\"breadcrumb\":{\"@id\":\"https:\/\/www.mid-med.com\/de\/chirurgie\/berechnen-sie-ihren-body-mass-index-bmi\/#breadcrumb\"},\"inLanguage\":\"de-DE\",\"potentialAction\":[{\"@type\":\"ReadAction\",\"target\":[\"https:\/\/www.mid-med.com\/de\/chirurgie\/berechnen-sie-ihren-body-mass-index-bmi\/\"]}]},{\"@type\":\"BreadcrumbList\",\"@id\":\"https:\/\/www.mid-med.com\/de\/chirurgie\/berechnen-sie-ihren-body-mass-index-bmi\/#breadcrumb\",\"itemListElement\":[{\"@type\":\"ListItem\",\"position\":1,\"name\":\"Accueil\",\"item\":\"https:\/\/www.mid-med.com\/de\/\"},{\"@type\":\"ListItem\",\"position\":2,\"name\":\"Chirurgie\",\"item\":\"https:\/\/www.mid-med.com\/de\/chirurgie\/\"},{\"@type\":\"ListItem\",\"position\":3,\"name\":\"Berechnen Sie Ihren Body-Mass-Index (BMI)\"}]},{\"@type\":\"WebSite\",\"@id\":\"https:\/\/www.mid-med.com\/#website\",\"url\":\"https:\/\/www.mid-med.com\/\",\"name\":\"mid-med\",\"description\":\"\",\"publisher\":{\"@id\":\"https:\/\/www.mid-med.com\/#organization\"},\"potentialAction\":[{\"@type\":\"SearchAction\",\"target\":{\"@type\":\"EntryPoint\",\"urlTemplate\":\"https:\/\/www.mid-med.com\/?s={search_term_string}\"},\"query-input\":{\"@type\":\"PropertyValueSpecification\",\"valueRequired\":true,\"valueName\":\"search_term_string\"}}],\"inLanguage\":\"de-DE\"},{\"@type\":\"Organization\",\"@id\":\"https:\/\/www.mid-med.com\/#organization\",\"name\":\"M\u00e9dical Innovation D\u00e9veloppement\",\"url\":\"https:\/\/www.mid-med.com\/\",\"logo\":{\"@type\":\"ImageObject\",\"inLanguage\":\"de-DE\",\"@id\":\"https:\/\/www.mid-med.com\/#\/schema\/logo\/image\/\",\"url\":\"https:\/\/www.mid-med.com\/wp-content\/uploads\/2020\/02\/cropped-FAVICON.png\",\"contentUrl\":\"https:\/\/www.mid-med.com\/wp-content\/uploads\/2020\/02\/cropped-FAVICON.png\",\"width\":512,\"height\":512,\"caption\":\"M\u00e9dical Innovation D\u00e9veloppement\"},\"image\":{\"@id\":\"https:\/\/www.mid-med.com\/#\/schema\/logo\/image\/\"},\"sameAs\":[\"https:\/\/www.youtube.com\/channel\/UC9_dqw4pEUXutRtVfOBI15g\"]}]}<\/script>\n<!-- \/ Yoast SEO plugin. -->","yoast_head_json":{"title":"Berechnen Sie Ihren Body-Mass-Index (BMI) - mid-med","robots":{"index":"index","follow":"follow","max-snippet":"max-snippet:-1","max-image-preview":"max-image-preview:large","max-video-preview":"max-video-preview:-1"},"canonical":"https:\/\/www.mid-med.com\/de\/chirurgie\/berechnen-sie-ihren-body-mass-index-bmi\/","og_locale":"de_DE","og_type":"article","og_title":"Berechnen Sie Ihren Body-Mass-Index (BMI) - mid-med","og_description":"BMI-Berechnungslineal Der BMI oder Body-Mass-Index bewertet die Korpulenz eines Menschen, um das Risiko f\u00fcr Erkrankungen durch \u00dcber- oder Untergewicht (Herz-Kreislauf-Erkrankungen, Bluthochdruck, Diabetes) einzusch\u00e4tzen. Teilen Sie dazu das Gewicht durch die K\u00f6rpergr\u00f6\u00dfe im Quadrat. Im Allgemeinen wird der BMI f\u00fcr Personen zwischen 18 und 65 Jahren berechnet. Kinder sind daher von dieser Ma\u00dfnahme nicht betroffen. Die [&hellip;]","og_url":"https:\/\/www.mid-med.com\/de\/chirurgie\/berechnen-sie-ihren-body-mass-index-bmi\/","og_site_name":"mid-med","og_image":[{"width":512,"height":512,"url":"https:\/\/www.mid-med.com\/wp-content\/uploads\/2020\/02\/cropped-FAVICON.png","type":"image\/png"}],"schema":{"@context":"https:\/\/schema.org","@graph":[{"@type":"WebPage","@id":"https:\/\/www.mid-med.com\/de\/chirurgie\/berechnen-sie-ihren-body-mass-index-bmi\/","url":"https:\/\/www.mid-med.com\/de\/chirurgie\/berechnen-sie-ihren-body-mass-index-bmi\/","name":"Berechnen Sie Ihren Body-Mass-Index (BMI) - mid-med","isPartOf":{"@id":"https:\/\/www.mid-med.com\/#website"},"datePublished":"2022-07-15T17:24:17+00:00","breadcrumb":{"@id":"https:\/\/www.mid-med.com\/de\/chirurgie\/berechnen-sie-ihren-body-mass-index-bmi\/#breadcrumb"},"inLanguage":"de-DE","potentialAction":[{"@type":"ReadAction","target":["https:\/\/www.mid-med.com\/de\/chirurgie\/berechnen-sie-ihren-body-mass-index-bmi\/"]}]},{"@type":"BreadcrumbList","@id":"https:\/\/www.mid-med.com\/de\/chirurgie\/berechnen-sie-ihren-body-mass-index-bmi\/#breadcrumb","itemListElement":[{"@type":"ListItem","position":1,"name":"Accueil","item":"https:\/\/www.mid-med.com\/de\/"},{"@type":"ListItem","position":2,"name":"Chirurgie","item":"https:\/\/www.mid-med.com\/de\/chirurgie\/"},{"@type":"ListItem","position":3,"name":"Berechnen Sie Ihren Body-Mass-Index (BMI)"}]},{"@type":"WebSite","@id":"https:\/\/www.mid-med.com\/#website","url":"https:\/\/www.mid-med.com\/","name":"mid-med","description":"","publisher":{"@id":"https:\/\/www.mid-med.com\/#organization"},"potentialAction":[{"@type":"SearchAction","target":{"@type":"EntryPoint","urlTemplate":"https:\/\/www.mid-med.com\/?s={search_term_string}"},"query-input":{"@type":"PropertyValueSpecification","valueRequired":true,"valueName":"search_term_string"}}],"inLanguage":"de-DE"},{"@type":"Organization","@id":"https:\/\/www.mid-med.com\/#organization","name":"M\u00e9dical Innovation D\u00e9veloppement","url":"https:\/\/www.mid-med.com\/","logo":{"@type":"ImageObject","inLanguage":"de-DE","@id":"https:\/\/www.mid-med.com\/#\/schema\/logo\/image\/","url":"https:\/\/www.mid-med.com\/wp-content\/uploads\/2020\/02\/cropped-FAVICON.png","contentUrl":"https:\/\/www.mid-med.com\/wp-content\/uploads\/2020\/02\/cropped-FAVICON.png","width":512,"height":512,"caption":"M\u00e9dical Innovation D\u00e9veloppement"},"image":{"@id":"https:\/\/www.mid-med.com\/#\/schema\/logo\/image\/"},"sameAs":["https:\/\/www.youtube.com\/channel\/UC9_dqw4pEUXutRtVfOBI15g"]}]}},"_links":{"self":[{"href":"https:\/\/www.mid-med.com\/de\/wp-json\/wp\/v2\/pages\/7233\/"}],"collection":[{"href":"https:\/\/www.mid-med.com\/de\/wp-json\/wp\/v2\/pages\/"}],"about":[{"href":"https:\/\/www.mid-med.com\/de\/wp-json\/wp\/v2\/types\/page\/"}],"author":[{"embeddable":true,"href":"https:\/\/www.mid-med.com\/de\/wp-json\/wp\/v2\/users\/1\/"}],"replies":[{"embeddable":true,"href":"https:\/\/www.mid-med.com\/de\/wp-json\/wp\/v2\/comments\/?post=7233"}],"version-history":[{"count":2,"href":"https:\/\/www.mid-med.com\/de\/wp-json\/wp\/v2\/pages\/7233\/revisions\/"}],"predecessor-version":[{"id":7236,"href":"https:\/\/www.mid-med.com\/de\/wp-json\/wp\/v2\/pages\/7233\/revisions\/7236\/"}],"up":[{"embeddable":true,"href":"https:\/\/www.mid-med.com\/de\/wp-json\/wp\/v2\/pages\/3109\/"}],"wp:attachment":[{"href":"https:\/\/www.mid-med.com\/de\/wp-json\/wp\/v2\/media\/?parent=7233"}],"curies":[{"name":"wp","href":"https:\/\/api.w.org\/{rel}","templated":true}]}}