{"id":2546,"date":"2015-07-15T09:23:04","date_gmt":"2015-07-15T09:23:04","guid":{"rendered":"https:\/\/www.mid-med.com\/es\/surgery\/a-health-risk\/"},"modified":"2016-03-18T11:10:56","modified_gmt":"2016-03-18T11:10:56","slug":"a-health-risk","status":"publish","type":"page","link":"https:\/\/www.mid-med.com\/es\/surgery\/a-health-risk\/","title":{"rendered":"La salud en riesgo"},"content":{"rendered":"<h2>Cuando\u00a0m\u00e1s elevado \u00a0sea el peso de un individuo, mayor\u00a0ser\u00e1 el riego de desarrollar una enfermedad.<\/h2>\n<p><em>Hablamos de <strong>comorbilidad<\/strong> para evocar las enfermedades asociadas a la obesidad.<\/em><\/p>\n<h3>Ejemplos de\u00a0comorbilidad (enfermedades asociadas):<\/h3>\n<ul>\n<li>Hipertensi\u00f3n\u00a0arterial<\/li>\n<li>Infarto de miocardio<\/li>\n<li>Accidente cerebrovascular<\/li>\n<li>Diabetes<\/li>\n<li>Dislipidemias<\/li>\n<li>Artrosis<\/li>\n<li>Hernia discal<\/li>\n<li>Molestia respiratoria<\/li>\n<li>Apnea\u00a0del sue\u00f1o<\/li>\n<li>Mayor riesgo de desarrollar c\u00e1ncer<\/li>\n<li><span style=\"line-height: 1.5;\">Desregula<\/span><span style=\"line-height: 1.5;\">ci\u00f3n del ciclo hormonal\u00a0<\/span><\/li>\n<li>Depresi\u00f3n<\/li>\n<li>&#8230;<\/li>\n<\/ul>\n<p>Directamente o indirectamente, estas enfermedades exponen el paciente obeso a riesgos de complicaciones\u00a0 y pueden reducir su esperanza de vida.<\/p>\n<h4 class=\"consult\" style=\"text-align: center;\"><strong>CONSULTAR UN\u00a0<\/strong><strong>M\u00c9DICO<\/strong><\/h4>\n","protected":false},"excerpt":{"rendered":"<p>Cuando\u00a0m\u00e1s elevado \u00a0sea el peso de un individuo, mayor\u00a0ser\u00e1 el riego de desarrollar una enfermedad. Hablamos de comorbilidad para evocar las enfermedades asociadas a la obesidad. Ejemplos de\u00a0comorbilidad (enfermedades asociadas): Hipertensi\u00f3n\u00a0arterial Infarto de miocardio Accidente cerebrovascular Diabetes Dislipidemias Artrosis Hernia discal Molestia respiratoria Apnea\u00a0del sue\u00f1o Mayor riesgo de desarrollar c\u00e1ncer Desregulaci\u00f3n del ciclo hormonal\u00a0 Depresi\u00f3n [&hellip;]<\/p>\n","protected":false},"author":1,"featured_media":0,"parent":2543,"menu_order":0,"comment_status":"closed","ping_status":"closed","template":"","meta":{"_acf_changed":false,"footnotes":""},"class_list":["post-2546","page","type-page","status-publish","hentry"],"acf":[],"yoast_head":"<!-- This site is optimized with the Yoast SEO plugin v26.7 - https:\/\/yoast.com\/wordpress\/plugins\/seo\/ -->\n<title>comorbilidad - salud en riesgo - obesidade - mid<\/title>\n<meta name=\"description\" content=\"Hablamos de comorbilidad para evocar las enfermedades asociadas a la obesida. Directamente o indirectamente, estas enfermedades exponen el paciente obeso ...\" \/>\n<meta name=\"robots\" content=\"index, follow, max-snippet:-1, max-image-preview:large, max-video-preview:-1\" \/>\n<link rel=\"canonical\" href=\"https:\/\/www.mid-med.com\/es\/surgery\/a-health-risk\/\" \/>\n<meta property=\"og:locale\" content=\"es_ES\" \/>\n<meta property=\"og:type\" content=\"article\" \/>\n<meta property=\"og:title\" content=\"comorbilidad - salud en riesgo - obesidade - mid\" \/>\n<meta property=\"og:description\" content=\"Hablamos de comorbilidad para evocar las enfermedades asociadas a la obesida. Directamente o indirectamente, estas enfermedades exponen el paciente obeso ...\" \/>\n<meta property=\"og:url\" content=\"https:\/\/www.mid-med.com\/es\/surgery\/a-health-risk\/\" \/>\n<meta property=\"og:site_name\" content=\"mid-med\" \/>\n<meta property=\"article:modified_time\" content=\"2016-03-18T11:10:56+00:00\" \/>\n<meta property=\"og:image\" content=\"https:\/\/www.mid-med.com\/wp-content\/uploads\/2020\/02\/cropped-FAVICON.png\" \/>\n\t<meta property=\"og:image:width\" content=\"512\" \/>\n\t<meta property=\"og:image:height\" content=\"512\" \/>\n\t<meta property=\"og:image:type\" content=\"image\/png\" \/>\n<script type=\"application\/ld+json\" class=\"yoast-schema-graph\">{\"@context\":\"https:\/\/schema.org\",\"@graph\":[{\"@type\":\"WebPage\",\"@id\":\"https:\/\/www.mid-med.com\/es\/surgery\/a-health-risk\/\",\"url\":\"https:\/\/www.mid-med.com\/es\/surgery\/a-health-risk\/\",\"name\":\"comorbilidad - salud en riesgo - obesidade - mid\",\"isPartOf\":{\"@id\":\"https:\/\/www.mid-med.com\/#website\"},\"datePublished\":\"2015-07-15T09:23:04+00:00\",\"dateModified\":\"2016-03-18T11:10:56+00:00\",\"description\":\"Hablamos de comorbilidad para evocar las enfermedades asociadas a la obesida. Directamente o indirectamente, estas enfermedades exponen el paciente obeso ...\",\"breadcrumb\":{\"@id\":\"https:\/\/www.mid-med.com\/es\/surgery\/a-health-risk\/#breadcrumb\"},\"inLanguage\":\"es\",\"potentialAction\":[{\"@type\":\"ReadAction\",\"target\":[\"https:\/\/www.mid-med.com\/es\/surgery\/a-health-risk\/\"]}]},{\"@type\":\"BreadcrumbList\",\"@id\":\"https:\/\/www.mid-med.com\/es\/surgery\/a-health-risk\/#breadcrumb\",\"itemListElement\":[{\"@type\":\"ListItem\",\"position\":1,\"name\":\"Accueil\",\"item\":\"https:\/\/www.mid-med.com\/es\/\"},{\"@type\":\"ListItem\",\"position\":2,\"name\":\"Cirug\u00eda\",\"item\":\"https:\/\/www.mid-med.com\/es\/surgery\/\"},{\"@type\":\"ListItem\",\"position\":3,\"name\":\"La salud en riesgo\"}]},{\"@type\":\"WebSite\",\"@id\":\"https:\/\/www.mid-med.com\/#website\",\"url\":\"https:\/\/www.mid-med.com\/\",\"name\":\"mid-med\",\"description\":\"\",\"publisher\":{\"@id\":\"https:\/\/www.mid-med.com\/#organization\"},\"potentialAction\":[{\"@type\":\"SearchAction\",\"target\":{\"@type\":\"EntryPoint\",\"urlTemplate\":\"https:\/\/www.mid-med.com\/?s={search_term_string}\"},\"query-input\":{\"@type\":\"PropertyValueSpecification\",\"valueRequired\":true,\"valueName\":\"search_term_string\"}}],\"inLanguage\":\"es\"},{\"@type\":\"Organization\",\"@id\":\"https:\/\/www.mid-med.com\/#organization\",\"name\":\"M\u00e9dical Innovation D\u00e9veloppement\",\"url\":\"https:\/\/www.mid-med.com\/\",\"logo\":{\"@type\":\"ImageObject\",\"inLanguage\":\"es\",\"@id\":\"https:\/\/www.mid-med.com\/#\/schema\/logo\/image\/\",\"url\":\"https:\/\/www.mid-med.com\/wp-content\/uploads\/2020\/02\/cropped-FAVICON.png\",\"contentUrl\":\"https:\/\/www.mid-med.com\/wp-content\/uploads\/2020\/02\/cropped-FAVICON.png\",\"width\":512,\"height\":512,\"caption\":\"M\u00e9dical Innovation D\u00e9veloppement\"},\"image\":{\"@id\":\"https:\/\/www.mid-med.com\/#\/schema\/logo\/image\/\"},\"sameAs\":[\"https:\/\/www.youtube.com\/channel\/UC9_dqw4pEUXutRtVfOBI15g\"]}]}<\/script>\n<!-- \/ Yoast SEO plugin. -->","yoast_head_json":{"title":"comorbilidad - salud en riesgo - obesidade - mid","description":"Hablamos de comorbilidad para evocar las enfermedades asociadas a la obesida. Directamente o indirectamente, estas enfermedades exponen el paciente obeso ...","robots":{"index":"index","follow":"follow","max-snippet":"max-snippet:-1","max-image-preview":"max-image-preview:large","max-video-preview":"max-video-preview:-1"},"canonical":"https:\/\/www.mid-med.com\/es\/surgery\/a-health-risk\/","og_locale":"es_ES","og_type":"article","og_title":"comorbilidad - salud en riesgo - obesidade - mid","og_description":"Hablamos de comorbilidad para evocar las enfermedades asociadas a la obesida. Directamente o indirectamente, estas enfermedades exponen el paciente obeso ...","og_url":"https:\/\/www.mid-med.com\/es\/surgery\/a-health-risk\/","og_site_name":"mid-med","article_modified_time":"2016-03-18T11:10:56+00:00","og_image":[{"width":512,"height":512,"url":"https:\/\/www.mid-med.com\/wp-content\/uploads\/2020\/02\/cropped-FAVICON.png","type":"image\/png"}],"schema":{"@context":"https:\/\/schema.org","@graph":[{"@type":"WebPage","@id":"https:\/\/www.mid-med.com\/es\/surgery\/a-health-risk\/","url":"https:\/\/www.mid-med.com\/es\/surgery\/a-health-risk\/","name":"comorbilidad - salud en riesgo - obesidade - mid","isPartOf":{"@id":"https:\/\/www.mid-med.com\/#website"},"datePublished":"2015-07-15T09:23:04+00:00","dateModified":"2016-03-18T11:10:56+00:00","description":"Hablamos de comorbilidad para evocar las enfermedades asociadas a la obesida. Directamente o indirectamente, estas enfermedades exponen el paciente obeso ...","breadcrumb":{"@id":"https:\/\/www.mid-med.com\/es\/surgery\/a-health-risk\/#breadcrumb"},"inLanguage":"es","potentialAction":[{"@type":"ReadAction","target":["https:\/\/www.mid-med.com\/es\/surgery\/a-health-risk\/"]}]},{"@type":"BreadcrumbList","@id":"https:\/\/www.mid-med.com\/es\/surgery\/a-health-risk\/#breadcrumb","itemListElement":[{"@type":"ListItem","position":1,"name":"Accueil","item":"https:\/\/www.mid-med.com\/es\/"},{"@type":"ListItem","position":2,"name":"Cirug\u00eda","item":"https:\/\/www.mid-med.com\/es\/surgery\/"},{"@type":"ListItem","position":3,"name":"La salud en riesgo"}]},{"@type":"WebSite","@id":"https:\/\/www.mid-med.com\/#website","url":"https:\/\/www.mid-med.com\/","name":"mid-med","description":"","publisher":{"@id":"https:\/\/www.mid-med.com\/#organization"},"potentialAction":[{"@type":"SearchAction","target":{"@type":"EntryPoint","urlTemplate":"https:\/\/www.mid-med.com\/?s={search_term_string}"},"query-input":{"@type":"PropertyValueSpecification","valueRequired":true,"valueName":"search_term_string"}}],"inLanguage":"es"},{"@type":"Organization","@id":"https:\/\/www.mid-med.com\/#organization","name":"M\u00e9dical Innovation D\u00e9veloppement","url":"https:\/\/www.mid-med.com\/","logo":{"@type":"ImageObject","inLanguage":"es","@id":"https:\/\/www.mid-med.com\/#\/schema\/logo\/image\/","url":"https:\/\/www.mid-med.com\/wp-content\/uploads\/2020\/02\/cropped-FAVICON.png","contentUrl":"https:\/\/www.mid-med.com\/wp-content\/uploads\/2020\/02\/cropped-FAVICON.png","width":512,"height":512,"caption":"M\u00e9dical Innovation D\u00e9veloppement"},"image":{"@id":"https:\/\/www.mid-med.com\/#\/schema\/logo\/image\/"},"sameAs":["https:\/\/www.youtube.com\/channel\/UC9_dqw4pEUXutRtVfOBI15g"]}]}},"_links":{"self":[{"href":"https:\/\/www.mid-med.com\/es\/wp-json\/wp\/v2\/pages\/2546\/"}],"collection":[{"href":"https:\/\/www.mid-med.com\/es\/wp-json\/wp\/v2\/pages\/"}],"about":[{"href":"https:\/\/www.mid-med.com\/es\/wp-json\/wp\/v2\/types\/page\/"}],"author":[{"embeddable":true,"href":"https:\/\/www.mid-med.com\/es\/wp-json\/wp\/v2\/users\/1\/"}],"replies":[{"embeddable":true,"href":"https:\/\/www.mid-med.com\/es\/wp-json\/wp\/v2\/comments\/?post=2546"}],"version-history":[{"count":5,"href":"https:\/\/www.mid-med.com\/es\/wp-json\/wp\/v2\/pages\/2546\/revisions\/"}],"predecessor-version":[{"id":3474,"href":"https:\/\/www.mid-med.com\/es\/wp-json\/wp\/v2\/pages\/2546\/revisions\/3474\/"}],"up":[{"embeddable":true,"href":"https:\/\/www.mid-med.com\/es\/wp-json\/wp\/v2\/pages\/2543\/"}],"wp:attachment":[{"href":"https:\/\/www.mid-med.com\/es\/wp-json\/wp\/v2\/media\/?parent=2546"}],"curies":[{"name":"wp","href":"https:\/\/api.w.org\/{rel}","templated":true}]}}