{"id":2568,"date":"2015-05-27T14:26:46","date_gmt":"2015-05-27T14:26:46","guid":{"rendered":"https:\/\/www.mid-med.com\/es\/surgery\/etes-vous-concernes\/"},"modified":"2016-03-25T12:56:05","modified_gmt":"2016-03-25T12:56:05","slug":"clasificacion","status":"publish","type":"page","link":"https:\/\/www.mid-med.com\/es\/surgery\/clasificacion\/","title":{"rendered":"\u00bfEst\u00e1 Usted afectado?"},"content":{"rendered":"<h2>\u00bfCu\u00e1l es la frontera entre un simple sobrepeso y una verdadera obesidad?<\/h2>\n<p>Para saberlo, basta calcular el \u00cdndice de Masa Corporal (IMC) que relaciona el peso y la altura de una persona:<\/p>\n<p><em class=\"blueBackground\" style=\"padding: 10px; margin: 10px 0 10px 0;\">IMC \u00a0 =<\/em><em class=\"blueBackground\" style=\"padding: 10px; margin: 10px 0 10px 0;\">\u00a0Peso (en kilos)\/ Altura\u00b2(m)\u00a0<\/em><\/p>\n<p>Ejemplo : Una persona de 1m60 y de 62 kg tiene un IMC de 62\/(1.6*1.6)=24.1<\/p>\n<p style=\"text-align: center;\"><strong>Clasificaci\u00f3n Internacional de adultos:<br \/>\n(Delgadez, sobrepeso y obesidad) seg\u00fan el IMC<br \/>\n<\/strong><\/p>\n<table style=\"width: 530px;\" border=\"5\" cellpadding=\"5\">\n<tbody>\n<tr style=\"background: #dcf2fc;\">\n<td>Delgadez<\/td>\n<td style=\"text-align: center;\">&lt;18.5<\/td>\n<\/tr>\n<tr style=\"background: #b7e5f9;\">\n<td>Peso Normal<\/td>\n<td style=\"text-align: center;\">18.5 &#8211; 24.9<\/td>\n<\/tr>\n<tr style=\"background: #73ccf4;\">\n<td>Sobrepeso<\/td>\n<td style=\"text-align: center;\">&gt;25.0<\/td>\n<\/tr>\n<tr style=\"background: #2caee7;\">\n<td>Preobeso<\/td>\n<td style=\"text-align: center;\">&gt;25.0 &#8211; 29.9<\/td>\n<\/tr>\n<tr style=\"background: #0087c6;\">\n<td>Obesidad<\/td>\n<td style=\"text-align: center;\">&gt;30.0<\/td>\n<\/tr>\n<tr style=\"background: #006194;\">\n<td style=\"color: #fff;\">Obeso clase I<\/td>\n<td style=\"text-align: center; color: #fff;\">30.0 &#8211; 34.9<\/td>\n<\/tr>\n<tr style=\"background: #002a41;\">\n<td style=\"color: #fff;\">Obeso clase II<\/td>\n<td style=\"text-align: center; color: #fff;\">35.0 &#8211; 39.9<\/td>\n<\/tr>\n<tr style=\"background: #000;\">\n<td style=\"color: #fff;\">Obeso clase III<\/td>\n<td style=\"text-align: center; color: #fff;\">&gt;40.0<\/td>\n<\/tr>\n<\/tbody>\n<\/table>\n<h4 class=\"consult\" style=\"text-align: center;\"><strong>CONSULTAR\u00a0UN MEDICO<\/strong><\/h4>\n","protected":false},"excerpt":{"rendered":"<p>\u00bfCu\u00e1l es la frontera entre un simple sobrepeso y una verdadera obesidad? Para saberlo, basta calcular el \u00cdndice de Masa Corporal (IMC) que relaciona el peso y la altura de una persona: IMC \u00a0 =\u00a0Peso (en kilos)\/ Altura\u00b2(m)\u00a0 Ejemplo : Una persona de 1m60 y de 62 kg tiene un IMC de 62\/(1.6*1.6)=24.1 Clasificaci\u00f3n Internacional [&hellip;]<\/p>\n","protected":false},"author":1,"featured_media":0,"parent":2543,"menu_order":0,"comment_status":"closed","ping_status":"closed","template":"","meta":{"_acf_changed":false,"footnotes":""},"class_list":["post-2568","page","type-page","status-publish","hentry"],"acf":[],"yoast_head":"<!-- This site is optimized with the Yoast SEO plugin v26.7 - https:\/\/yoast.com\/wordpress\/plugins\/seo\/ -->\n<title>\u00bfEst\u00e1 Usted afectado? - Clasificaci\u00f3n Internacional de adultos<\/title>\n<meta name=\"description\" content=\"Para saberlo, basta calcular el \u00cdndice de Masa Corporal (IMC) que relaciona el peso y la altura de una persona: IMC =Peso (en kilos) \/ Altura\u00b2(m)\" \/>\n<meta name=\"robots\" content=\"index, follow, max-snippet:-1, max-image-preview:large, max-video-preview:-1\" \/>\n<link rel=\"canonical\" href=\"https:\/\/www.mid-med.com\/es\/surgery\/clasificacion\/\" \/>\n<meta property=\"og:locale\" content=\"es_ES\" \/>\n<meta property=\"og:type\" content=\"article\" \/>\n<meta property=\"og:title\" content=\"\u00bfEst\u00e1 Usted afectado? - Clasificaci\u00f3n Internacional de adultos\" \/>\n<meta property=\"og:description\" content=\"Para saberlo, basta calcular el \u00cdndice de Masa Corporal (IMC) que relaciona el peso y la altura de una persona: IMC =Peso (en kilos) \/ Altura\u00b2(m)\" \/>\n<meta property=\"og:url\" content=\"https:\/\/www.mid-med.com\/es\/surgery\/clasificacion\/\" \/>\n<meta property=\"og:site_name\" content=\"mid-med\" \/>\n<meta property=\"article:modified_time\" content=\"2016-03-25T12:56:05+00:00\" \/>\n<meta property=\"og:image\" content=\"https:\/\/www.mid-med.com\/wp-content\/uploads\/2020\/02\/cropped-FAVICON.png\" \/>\n\t<meta property=\"og:image:width\" content=\"512\" \/>\n\t<meta property=\"og:image:height\" content=\"512\" \/>\n\t<meta property=\"og:image:type\" content=\"image\/png\" \/>\n<script type=\"application\/ld+json\" class=\"yoast-schema-graph\">{\"@context\":\"https:\/\/schema.org\",\"@graph\":[{\"@type\":\"WebPage\",\"@id\":\"https:\/\/www.mid-med.com\/es\/surgery\/clasificacion\/\",\"url\":\"https:\/\/www.mid-med.com\/es\/surgery\/clasificacion\/\",\"name\":\"\u00bfEst\u00e1 Usted afectado? - Clasificaci\u00f3n Internacional de adultos\",\"isPartOf\":{\"@id\":\"https:\/\/www.mid-med.com\/#website\"},\"datePublished\":\"2015-05-27T14:26:46+00:00\",\"dateModified\":\"2016-03-25T12:56:05+00:00\",\"description\":\"Para saberlo, basta calcular el \u00cdndice de Masa Corporal (IMC) que relaciona el peso y la altura de una persona: IMC =Peso (en kilos) \/ Altura\u00b2(m)\",\"breadcrumb\":{\"@id\":\"https:\/\/www.mid-med.com\/es\/surgery\/clasificacion\/#breadcrumb\"},\"inLanguage\":\"es\",\"potentialAction\":[{\"@type\":\"ReadAction\",\"target\":[\"https:\/\/www.mid-med.com\/es\/surgery\/clasificacion\/\"]}]},{\"@type\":\"BreadcrumbList\",\"@id\":\"https:\/\/www.mid-med.com\/es\/surgery\/clasificacion\/#breadcrumb\",\"itemListElement\":[{\"@type\":\"ListItem\",\"position\":1,\"name\":\"Accueil\",\"item\":\"https:\/\/www.mid-med.com\/es\/\"},{\"@type\":\"ListItem\",\"position\":2,\"name\":\"Cirug\u00eda\",\"item\":\"https:\/\/www.mid-med.com\/es\/surgery\/\"},{\"@type\":\"ListItem\",\"position\":3,\"name\":\"\u00bfEst\u00e1 Usted afectado?\"}]},{\"@type\":\"WebSite\",\"@id\":\"https:\/\/www.mid-med.com\/#website\",\"url\":\"https:\/\/www.mid-med.com\/\",\"name\":\"mid-med\",\"description\":\"\",\"publisher\":{\"@id\":\"https:\/\/www.mid-med.com\/#organization\"},\"potentialAction\":[{\"@type\":\"SearchAction\",\"target\":{\"@type\":\"EntryPoint\",\"urlTemplate\":\"https:\/\/www.mid-med.com\/?s={search_term_string}\"},\"query-input\":{\"@type\":\"PropertyValueSpecification\",\"valueRequired\":true,\"valueName\":\"search_term_string\"}}],\"inLanguage\":\"es\"},{\"@type\":\"Organization\",\"@id\":\"https:\/\/www.mid-med.com\/#organization\",\"name\":\"M\u00e9dical Innovation D\u00e9veloppement\",\"url\":\"https:\/\/www.mid-med.com\/\",\"logo\":{\"@type\":\"ImageObject\",\"inLanguage\":\"es\",\"@id\":\"https:\/\/www.mid-med.com\/#\/schema\/logo\/image\/\",\"url\":\"https:\/\/www.mid-med.com\/wp-content\/uploads\/2020\/02\/cropped-FAVICON.png\",\"contentUrl\":\"https:\/\/www.mid-med.com\/wp-content\/uploads\/2020\/02\/cropped-FAVICON.png\",\"width\":512,\"height\":512,\"caption\":\"M\u00e9dical Innovation D\u00e9veloppement\"},\"image\":{\"@id\":\"https:\/\/www.mid-med.com\/#\/schema\/logo\/image\/\"},\"sameAs\":[\"https:\/\/www.youtube.com\/channel\/UC9_dqw4pEUXutRtVfOBI15g\"]}]}<\/script>\n<!-- \/ Yoast SEO plugin. -->","yoast_head_json":{"title":"\u00bfEst\u00e1 Usted afectado? - Clasificaci\u00f3n Internacional de adultos","description":"Para saberlo, basta calcular el \u00cdndice de Masa Corporal (IMC) que relaciona el peso y la altura de una persona: IMC =Peso (en kilos) \/ Altura\u00b2(m)","robots":{"index":"index","follow":"follow","max-snippet":"max-snippet:-1","max-image-preview":"max-image-preview:large","max-video-preview":"max-video-preview:-1"},"canonical":"https:\/\/www.mid-med.com\/es\/surgery\/clasificacion\/","og_locale":"es_ES","og_type":"article","og_title":"\u00bfEst\u00e1 Usted afectado? - Clasificaci\u00f3n Internacional de adultos","og_description":"Para saberlo, basta calcular el \u00cdndice de Masa Corporal (IMC) que relaciona el peso y la altura de una persona: IMC =Peso (en kilos) \/ Altura\u00b2(m)","og_url":"https:\/\/www.mid-med.com\/es\/surgery\/clasificacion\/","og_site_name":"mid-med","article_modified_time":"2016-03-25T12:56:05+00:00","og_image":[{"width":512,"height":512,"url":"https:\/\/www.mid-med.com\/wp-content\/uploads\/2020\/02\/cropped-FAVICON.png","type":"image\/png"}],"schema":{"@context":"https:\/\/schema.org","@graph":[{"@type":"WebPage","@id":"https:\/\/www.mid-med.com\/es\/surgery\/clasificacion\/","url":"https:\/\/www.mid-med.com\/es\/surgery\/clasificacion\/","name":"\u00bfEst\u00e1 Usted afectado? - Clasificaci\u00f3n Internacional de adultos","isPartOf":{"@id":"https:\/\/www.mid-med.com\/#website"},"datePublished":"2015-05-27T14:26:46+00:00","dateModified":"2016-03-25T12:56:05+00:00","description":"Para saberlo, basta calcular el \u00cdndice de Masa Corporal (IMC) que relaciona el peso y la altura de una persona: IMC =Peso (en kilos) \/ Altura\u00b2(m)","breadcrumb":{"@id":"https:\/\/www.mid-med.com\/es\/surgery\/clasificacion\/#breadcrumb"},"inLanguage":"es","potentialAction":[{"@type":"ReadAction","target":["https:\/\/www.mid-med.com\/es\/surgery\/clasificacion\/"]}]},{"@type":"BreadcrumbList","@id":"https:\/\/www.mid-med.com\/es\/surgery\/clasificacion\/#breadcrumb","itemListElement":[{"@type":"ListItem","position":1,"name":"Accueil","item":"https:\/\/www.mid-med.com\/es\/"},{"@type":"ListItem","position":2,"name":"Cirug\u00eda","item":"https:\/\/www.mid-med.com\/es\/surgery\/"},{"@type":"ListItem","position":3,"name":"\u00bfEst\u00e1 Usted afectado?"}]},{"@type":"WebSite","@id":"https:\/\/www.mid-med.com\/#website","url":"https:\/\/www.mid-med.com\/","name":"mid-med","description":"","publisher":{"@id":"https:\/\/www.mid-med.com\/#organization"},"potentialAction":[{"@type":"SearchAction","target":{"@type":"EntryPoint","urlTemplate":"https:\/\/www.mid-med.com\/?s={search_term_string}"},"query-input":{"@type":"PropertyValueSpecification","valueRequired":true,"valueName":"search_term_string"}}],"inLanguage":"es"},{"@type":"Organization","@id":"https:\/\/www.mid-med.com\/#organization","name":"M\u00e9dical Innovation D\u00e9veloppement","url":"https:\/\/www.mid-med.com\/","logo":{"@type":"ImageObject","inLanguage":"es","@id":"https:\/\/www.mid-med.com\/#\/schema\/logo\/image\/","url":"https:\/\/www.mid-med.com\/wp-content\/uploads\/2020\/02\/cropped-FAVICON.png","contentUrl":"https:\/\/www.mid-med.com\/wp-content\/uploads\/2020\/02\/cropped-FAVICON.png","width":512,"height":512,"caption":"M\u00e9dical Innovation D\u00e9veloppement"},"image":{"@id":"https:\/\/www.mid-med.com\/#\/schema\/logo\/image\/"},"sameAs":["https:\/\/www.youtube.com\/channel\/UC9_dqw4pEUXutRtVfOBI15g"]}]}},"_links":{"self":[{"href":"https:\/\/www.mid-med.com\/es\/wp-json\/wp\/v2\/pages\/2568\/"}],"collection":[{"href":"https:\/\/www.mid-med.com\/es\/wp-json\/wp\/v2\/pages\/"}],"about":[{"href":"https:\/\/www.mid-med.com\/es\/wp-json\/wp\/v2\/types\/page\/"}],"author":[{"embeddable":true,"href":"https:\/\/www.mid-med.com\/es\/wp-json\/wp\/v2\/users\/1\/"}],"replies":[{"embeddable":true,"href":"https:\/\/www.mid-med.com\/es\/wp-json\/wp\/v2\/comments\/?post=2568"}],"version-history":[{"count":7,"href":"https:\/\/www.mid-med.com\/es\/wp-json\/wp\/v2\/pages\/2568\/revisions\/"}],"predecessor-version":[{"id":3478,"href":"https:\/\/www.mid-med.com\/es\/wp-json\/wp\/v2\/pages\/2568\/revisions\/3478\/"}],"up":[{"embeddable":true,"href":"https:\/\/www.mid-med.com\/es\/wp-json\/wp\/v2\/pages\/2543\/"}],"wp:attachment":[{"href":"https:\/\/www.mid-med.com\/es\/wp-json\/wp\/v2\/media\/?parent=2568"}],"curies":[{"name":"wp","href":"https:\/\/api.w.org\/{rel}","templated":true}]}}