{"id":2573,"date":"2016-01-25T15:32:31","date_gmt":"2016-01-25T15:32:31","guid":{"rendered":"https:\/\/www.mid-med.com\/es\/?page_id=2573"},"modified":"2016-02-10T17:10:06","modified_gmt":"2016-02-10T17:10:06","slug":"centro-especializado-en-obesidad","status":"publish","type":"page","link":"https:\/\/www.mid-med.com\/es\/surgery\/centro-especializado-en-obesidad\/","title":{"rendered":"Cirug\u00eda en un centro especializado en obesidad"},"content":{"rendered":"<h2><strong>La cirug\u00eda bari\u00e1trica exige una pericia multidisciplinar tanto antes como despu\u00e9s del procedimiento.<\/strong><\/h2>\n<p>Por lo general, es aconsejable que los pacientes acudan a un centro especializado que cuente con amplia experiencia en este campo a fin de reducir los riesgos relacionados con cualquier clase de cirug\u00eda y para contar con la garant\u00eda de un seguimiento regular.<\/p>\n<p>Un centro especializado en cirug\u00eda bari\u00e1trica deber\u00eda contar con la capacitaci\u00f3n y los equipos necesarios para el tratamiento de los pacientes obesos.<\/p>\n<h3>LA <strong>FASE PREOPERATORIA<\/strong> :<\/h3>\n<p><strong>Durante esta fase se realizan diversas entrevistas y pruebas :<\/strong><\/p>\n<ul>\n<li>Estado de salud general en relaci\u00f3n con la obesidad (cardiaco, pulmonar, apnea del sue\u00f1o, diabetes, niveles de colesterol, deficiencia vitam\u00ednica, salud dental, etc.)<\/li>\n<li>Viabilidad del procedimiento (gastroscopia)<\/li>\n<li>Perfil psicol\u00f3gico<\/li>\n<li>H\u00e1bitos alimenticios y de ejercicio f\u00edsico<\/li>\n<li>Predisposici\u00f3n y objetivos en relaci\u00f3n a los cambios en el estilo de vida<\/li>\n<li>&#8230;<\/li>\n<\/ul>\n<p>En esta fase se proporciona informaci\u00f3n nutricional, sobre los efectos secundarios y el seguimiento postoperatorio, junto con informaci\u00f3n sobre m\u00e9todos de contracepci\u00f3n y embarazo a los pacientes en edad de procrear.<\/p>\n<h3>LA FASE <strong>POSTOPERATORIA<\/strong> :<\/h3>\n<p>Durante los meses y a\u00f1os posteriores al procedimiento es necesario un seguimiento por parte de un equipo multidisciplinar, para evaluar los avances en la p\u00e9rdida de peso y ocuparse de cualquier complicaci\u00f3n que pudiera presentarse.<\/p>\n<p><strong>Los objetivos de este seguimiento son los siguientes :<\/strong><\/p>\n<ul>\n<li>Evaluaci\u00f3n de la p\u00e9rdida de peso<\/li>\n<li>Detecci\u00f3n de complicaciones quir\u00fargicas o nutricionales (deficiencia vitam\u00ednica, etc.)<\/li>\n<li>Modificaci\u00f3n del tratamiento m\u00e9dico con arreglo a la p\u00e9rdida de peso<\/li>\n<li>Gesti\u00f3n de las dificultades cotidianas tras la intervenci\u00f3n, si fuera preciso<\/li>\n<li>Detecci\u00f3n de cualquier efecto psicol\u00f3gico<\/li>\n<\/ul>\n<p><img loading=\"lazy\" decoding=\"async\" class=\"aligncenter wp-image-1186\" src=\"https:\/\/www.mid-med.com\/wp-content\/uploads\/2015\/05\/Competence2.png\" alt=\"Competence2\" width=\"469\" height=\"389\" srcset=\"https:\/\/www.mid-med.com\/wp-content\/uploads\/2015\/05\/Competence2.png 948w, https:\/\/www.mid-med.com\/wp-content\/uploads\/2015\/05\/Competence2-300x249.png 300w, https:\/\/www.mid-med.com\/wp-content\/uploads\/2015\/05\/Competence2-520x431.png 520w\" sizes=\"auto, (max-width: 469px) 100vw, 469px\" \/><\/p>\n<h4 class=\"consult\">CONSULTE <strong>A SU M\u00c9DICO DE FAMILIA<\/strong><\/h4>\n","protected":false},"excerpt":{"rendered":"<p>La cirug\u00eda bari\u00e1trica exige una pericia multidisciplinar tanto antes como despu\u00e9s del procedimiento. Por lo general, es aconsejable que los pacientes acudan a un centro especializado que cuente con amplia experiencia en este campo a fin de reducir los riesgos relacionados con cualquier clase de cirug\u00eda y para contar con la garant\u00eda de un seguimiento [&hellip;]<\/p>\n","protected":false},"author":1,"featured_media":0,"parent":2543,"menu_order":0,"comment_status":"closed","ping_status":"closed","template":"","meta":{"_acf_changed":false,"footnotes":""},"class_list":["post-2573","page","type-page","status-publish","hentry"],"acf":[],"yoast_head":"<!-- This site is optimized with the Yoast SEO plugin v26.7 - https:\/\/yoast.com\/wordpress\/plugins\/seo\/ -->\n<title>Cirug\u00eda en un centro especializado en obesidad - mid-med<\/title>\n<meta name=\"robots\" content=\"index, follow, max-snippet:-1, max-image-preview:large, max-video-preview:-1\" \/>\n<link rel=\"canonical\" href=\"https:\/\/www.mid-med.com\/es\/surgery\/centro-especializado-en-obesidad\/\" \/>\n<meta property=\"og:locale\" content=\"es_ES\" \/>\n<meta property=\"og:type\" content=\"article\" \/>\n<meta property=\"og:title\" content=\"Cirug\u00eda en un centro especializado en obesidad - mid-med\" \/>\n<meta property=\"og:description\" content=\"La cirug\u00eda bari\u00e1trica exige una pericia multidisciplinar tanto antes como despu\u00e9s del procedimiento. Por lo general, es aconsejable que los pacientes acudan a un centro especializado que cuente con amplia experiencia en este campo a fin de reducir los riesgos relacionados con cualquier clase de cirug\u00eda y para contar con la garant\u00eda de un seguimiento [&hellip;]\" \/>\n<meta property=\"og:url\" content=\"https:\/\/www.mid-med.com\/es\/surgery\/centro-especializado-en-obesidad\/\" \/>\n<meta property=\"og:site_name\" content=\"mid-med\" \/>\n<meta property=\"article:modified_time\" content=\"2016-02-10T17:10:06+00:00\" \/>\n<meta property=\"og:image\" content=\"https:\/\/www.mid-med.com\/wp-content\/uploads\/2015\/05\/Competence2.png\" \/>\n<meta name=\"twitter:label1\" content=\"Tiempo de lectura\" \/>\n\t<meta name=\"twitter:data1\" content=\"2 minutos\" \/>\n<script type=\"application\/ld+json\" class=\"yoast-schema-graph\">{\"@context\":\"https:\/\/schema.org\",\"@graph\":[{\"@type\":\"WebPage\",\"@id\":\"https:\/\/www.mid-med.com\/es\/surgery\/centro-especializado-en-obesidad\/\",\"url\":\"https:\/\/www.mid-med.com\/es\/surgery\/centro-especializado-en-obesidad\/\",\"name\":\"Cirug\u00eda en un centro especializado en obesidad - mid-med\",\"isPartOf\":{\"@id\":\"https:\/\/www.mid-med.com\/#website\"},\"primaryImageOfPage\":{\"@id\":\"https:\/\/www.mid-med.com\/es\/surgery\/centro-especializado-en-obesidad\/#primaryimage\"},\"image\":{\"@id\":\"https:\/\/www.mid-med.com\/es\/surgery\/centro-especializado-en-obesidad\/#primaryimage\"},\"thumbnailUrl\":\"https:\/\/www.mid-med.com\/wp-content\/uploads\/2015\/05\/Competence2.png\",\"datePublished\":\"2016-01-25T15:32:31+00:00\",\"dateModified\":\"2016-02-10T17:10:06+00:00\",\"breadcrumb\":{\"@id\":\"https:\/\/www.mid-med.com\/es\/surgery\/centro-especializado-en-obesidad\/#breadcrumb\"},\"inLanguage\":\"es\",\"potentialAction\":[{\"@type\":\"ReadAction\",\"target\":[\"https:\/\/www.mid-med.com\/es\/surgery\/centro-especializado-en-obesidad\/\"]}]},{\"@type\":\"ImageObject\",\"inLanguage\":\"es\",\"@id\":\"https:\/\/www.mid-med.com\/es\/surgery\/centro-especializado-en-obesidad\/#primaryimage\",\"url\":\"https:\/\/www.mid-med.com\/wp-content\/uploads\/2015\/05\/Competence2.png\",\"contentUrl\":\"https:\/\/www.mid-med.com\/wp-content\/uploads\/2015\/05\/Competence2.png\"},{\"@type\":\"BreadcrumbList\",\"@id\":\"https:\/\/www.mid-med.com\/es\/surgery\/centro-especializado-en-obesidad\/#breadcrumb\",\"itemListElement\":[{\"@type\":\"ListItem\",\"position\":1,\"name\":\"Accueil\",\"item\":\"https:\/\/www.mid-med.com\/es\/\"},{\"@type\":\"ListItem\",\"position\":2,\"name\":\"Cirug\u00eda\",\"item\":\"https:\/\/www.mid-med.com\/es\/surgery\/\"},{\"@type\":\"ListItem\",\"position\":3,\"name\":\"Cirug\u00eda en un centro especializado en obesidad\"}]},{\"@type\":\"WebSite\",\"@id\":\"https:\/\/www.mid-med.com\/#website\",\"url\":\"https:\/\/www.mid-med.com\/\",\"name\":\"mid-med\",\"description\":\"\",\"publisher\":{\"@id\":\"https:\/\/www.mid-med.com\/#organization\"},\"potentialAction\":[{\"@type\":\"SearchAction\",\"target\":{\"@type\":\"EntryPoint\",\"urlTemplate\":\"https:\/\/www.mid-med.com\/?s={search_term_string}\"},\"query-input\":{\"@type\":\"PropertyValueSpecification\",\"valueRequired\":true,\"valueName\":\"search_term_string\"}}],\"inLanguage\":\"es\"},{\"@type\":\"Organization\",\"@id\":\"https:\/\/www.mid-med.com\/#organization\",\"name\":\"M\u00e9dical Innovation D\u00e9veloppement\",\"url\":\"https:\/\/www.mid-med.com\/\",\"logo\":{\"@type\":\"ImageObject\",\"inLanguage\":\"es\",\"@id\":\"https:\/\/www.mid-med.com\/#\/schema\/logo\/image\/\",\"url\":\"https:\/\/www.mid-med.com\/wp-content\/uploads\/2020\/02\/cropped-FAVICON.png\",\"contentUrl\":\"https:\/\/www.mid-med.com\/wp-content\/uploads\/2020\/02\/cropped-FAVICON.png\",\"width\":512,\"height\":512,\"caption\":\"M\u00e9dical Innovation D\u00e9veloppement\"},\"image\":{\"@id\":\"https:\/\/www.mid-med.com\/#\/schema\/logo\/image\/\"},\"sameAs\":[\"https:\/\/www.youtube.com\/channel\/UC9_dqw4pEUXutRtVfOBI15g\"]}]}<\/script>\n<!-- \/ Yoast SEO plugin. -->","yoast_head_json":{"title":"Cirug\u00eda en un centro especializado en obesidad - mid-med","robots":{"index":"index","follow":"follow","max-snippet":"max-snippet:-1","max-image-preview":"max-image-preview:large","max-video-preview":"max-video-preview:-1"},"canonical":"https:\/\/www.mid-med.com\/es\/surgery\/centro-especializado-en-obesidad\/","og_locale":"es_ES","og_type":"article","og_title":"Cirug\u00eda en un centro especializado en obesidad - mid-med","og_description":"La cirug\u00eda bari\u00e1trica exige una pericia multidisciplinar tanto antes como despu\u00e9s del procedimiento. Por lo general, es aconsejable que los pacientes acudan a un centro especializado que cuente con amplia experiencia en este campo a fin de reducir los riesgos relacionados con cualquier clase de cirug\u00eda y para contar con la garant\u00eda de un seguimiento [&hellip;]","og_url":"https:\/\/www.mid-med.com\/es\/surgery\/centro-especializado-en-obesidad\/","og_site_name":"mid-med","article_modified_time":"2016-02-10T17:10:06+00:00","og_image":[{"url":"https:\/\/www.mid-med.com\/wp-content\/uploads\/2015\/05\/Competence2.png","type":"","width":"","height":""}],"twitter_misc":{"Tiempo de lectura":"2 minutos"},"schema":{"@context":"https:\/\/schema.org","@graph":[{"@type":"WebPage","@id":"https:\/\/www.mid-med.com\/es\/surgery\/centro-especializado-en-obesidad\/","url":"https:\/\/www.mid-med.com\/es\/surgery\/centro-especializado-en-obesidad\/","name":"Cirug\u00eda en un centro especializado en obesidad - mid-med","isPartOf":{"@id":"https:\/\/www.mid-med.com\/#website"},"primaryImageOfPage":{"@id":"https:\/\/www.mid-med.com\/es\/surgery\/centro-especializado-en-obesidad\/#primaryimage"},"image":{"@id":"https:\/\/www.mid-med.com\/es\/surgery\/centro-especializado-en-obesidad\/#primaryimage"},"thumbnailUrl":"https:\/\/www.mid-med.com\/wp-content\/uploads\/2015\/05\/Competence2.png","datePublished":"2016-01-25T15:32:31+00:00","dateModified":"2016-02-10T17:10:06+00:00","breadcrumb":{"@id":"https:\/\/www.mid-med.com\/es\/surgery\/centro-especializado-en-obesidad\/#breadcrumb"},"inLanguage":"es","potentialAction":[{"@type":"ReadAction","target":["https:\/\/www.mid-med.com\/es\/surgery\/centro-especializado-en-obesidad\/"]}]},{"@type":"ImageObject","inLanguage":"es","@id":"https:\/\/www.mid-med.com\/es\/surgery\/centro-especializado-en-obesidad\/#primaryimage","url":"https:\/\/www.mid-med.com\/wp-content\/uploads\/2015\/05\/Competence2.png","contentUrl":"https:\/\/www.mid-med.com\/wp-content\/uploads\/2015\/05\/Competence2.png"},{"@type":"BreadcrumbList","@id":"https:\/\/www.mid-med.com\/es\/surgery\/centro-especializado-en-obesidad\/#breadcrumb","itemListElement":[{"@type":"ListItem","position":1,"name":"Accueil","item":"https:\/\/www.mid-med.com\/es\/"},{"@type":"ListItem","position":2,"name":"Cirug\u00eda","item":"https:\/\/www.mid-med.com\/es\/surgery\/"},{"@type":"ListItem","position":3,"name":"Cirug\u00eda en un centro especializado en obesidad"}]},{"@type":"WebSite","@id":"https:\/\/www.mid-med.com\/#website","url":"https:\/\/www.mid-med.com\/","name":"mid-med","description":"","publisher":{"@id":"https:\/\/www.mid-med.com\/#organization"},"potentialAction":[{"@type":"SearchAction","target":{"@type":"EntryPoint","urlTemplate":"https:\/\/www.mid-med.com\/?s={search_term_string}"},"query-input":{"@type":"PropertyValueSpecification","valueRequired":true,"valueName":"search_term_string"}}],"inLanguage":"es"},{"@type":"Organization","@id":"https:\/\/www.mid-med.com\/#organization","name":"M\u00e9dical Innovation D\u00e9veloppement","url":"https:\/\/www.mid-med.com\/","logo":{"@type":"ImageObject","inLanguage":"es","@id":"https:\/\/www.mid-med.com\/#\/schema\/logo\/image\/","url":"https:\/\/www.mid-med.com\/wp-content\/uploads\/2020\/02\/cropped-FAVICON.png","contentUrl":"https:\/\/www.mid-med.com\/wp-content\/uploads\/2020\/02\/cropped-FAVICON.png","width":512,"height":512,"caption":"M\u00e9dical Innovation D\u00e9veloppement"},"image":{"@id":"https:\/\/www.mid-med.com\/#\/schema\/logo\/image\/"},"sameAs":["https:\/\/www.youtube.com\/channel\/UC9_dqw4pEUXutRtVfOBI15g"]}]}},"_links":{"self":[{"href":"https:\/\/www.mid-med.com\/es\/wp-json\/wp\/v2\/pages\/2573\/"}],"collection":[{"href":"https:\/\/www.mid-med.com\/es\/wp-json\/wp\/v2\/pages\/"}],"about":[{"href":"https:\/\/www.mid-med.com\/es\/wp-json\/wp\/v2\/types\/page\/"}],"author":[{"embeddable":true,"href":"https:\/\/www.mid-med.com\/es\/wp-json\/wp\/v2\/users\/1\/"}],"replies":[{"embeddable":true,"href":"https:\/\/www.mid-med.com\/es\/wp-json\/wp\/v2\/comments\/?post=2573"}],"version-history":[{"count":3,"href":"https:\/\/www.mid-med.com\/es\/wp-json\/wp\/v2\/pages\/2573\/revisions\/"}],"predecessor-version":[{"id":2669,"href":"https:\/\/www.mid-med.com\/es\/wp-json\/wp\/v2\/pages\/2573\/revisions\/2669\/"}],"up":[{"embeddable":true,"href":"https:\/\/www.mid-med.com\/es\/wp-json\/wp\/v2\/pages\/2543\/"}],"wp:attachment":[{"href":"https:\/\/www.mid-med.com\/es\/wp-json\/wp\/v2\/media\/?parent=2573"}],"curies":[{"name":"wp","href":"https:\/\/api.w.org\/{rel}","templated":true}]}}