{"id":2577,"date":"2016-01-25T16:16:28","date_gmt":"2016-01-25T16:16:28","guid":{"rendered":"https:\/\/www.mid-med.com\/es\/?page_id=2577"},"modified":"2016-02-10T17:09:05","modified_gmt":"2016-02-10T17:09:05","slug":"comprendiendo-la-obesidad","status":"publish","type":"page","link":"https:\/\/www.mid-med.com\/es\/surgery\/comprendiendo-la-obesidad\/","title":{"rendered":"Comprendiendo la obesidad"},"content":{"rendered":"<h2><strong>Causas principales de la obesidad<\/strong><\/h2>\n<ul>\n<li><strong>La obesidad es una enfermedad cr\u00f3nica<\/strong>, al igual que el asma o la hipertensi\u00f3n.<\/li>\n<li><strong>La obesidad se debe a la interacci\u00f3n\u00a0<\/strong>de varios factores: h\u00e1bitos alimenticios, falta de ejercicio f\u00edsico, predisposici\u00f3n gen\u00e9tica, y en algunos casos, pobreza y entorno social.<\/li>\n<li><strong>Una dieta desequilibrada<\/strong>: Alimentos muy energ\u00e9ticos (en especial, alimentos grasos) de preparaci\u00f3n r\u00e1pida, las comidas irregulares y de ingesta r\u00e1pida. Comer demasiado, por diversas razones: h\u00e1bitos familiares, actividad profesional, vida social, etc.<\/li>\n<li><strong>Un estado de depresi\u00f3n, infelicidad\u00a0<\/strong>o ansiedad que conduce a problemas del comportamiento y a comer en exceso.<\/li>\n<li><strong>La falta de ejercicio f\u00edsico:<\/strong>La poblaci\u00f3n es cada vez m\u00e1s sedentaria y tiene un gasto energ\u00e9tico diario cada vez menor: se camina menos, se utilizan menos las escaleras, etc. Las actividades de ocio suponen menos ejercicio f\u00edsico que antes (videojuegos, internet, etc.).<\/li>\n<li><strong>La obesidad de origen estr\u00edctamente gen\u00e9tico\u00a0<\/strong>sigue siendo rara.\u00a0Algunos trastornos hormonales pueden contribuir a que se gane peso excesivamente.\u00a0\u00a0 Sin embargo, la predisposici\u00f3n gen\u00e9tica o cong\u00e9nita a la obesidad existe, y se puede desarrollar en presencia de otros factores.<\/li>\n<li><strong>El entorno social y cultural\u00a0<\/strong>tambi\u00e9n influye en el desarrollo de esta enfermedad.<\/li>\n<\/ul>\n<h4 class=\"consult\" style=\"text-align: center;\"><strong>CONSULTE\u00a0<\/strong><strong>A SU M\u00c9DICO DE FAMILIA<\/strong><\/h4>\n","protected":false},"excerpt":{"rendered":"<p>Causas principales de la obesidad La obesidad es una enfermedad cr\u00f3nica, al igual que el asma o la hipertensi\u00f3n. La obesidad se debe a la interacci\u00f3n\u00a0de varios factores: h\u00e1bitos alimenticios, falta de ejercicio f\u00edsico, predisposici\u00f3n gen\u00e9tica, y en algunos casos, pobreza y entorno social. Una dieta desequilibrada: Alimentos muy energ\u00e9ticos (en especial, alimentos grasos) de [&hellip;]<\/p>\n","protected":false},"author":1,"featured_media":0,"parent":2543,"menu_order":0,"comment_status":"closed","ping_status":"closed","template":"","meta":{"_acf_changed":false,"footnotes":""},"class_list":["post-2577","page","type-page","status-publish","hentry"],"acf":[],"yoast_head":"<!-- This site is optimized with the Yoast SEO plugin v26.7 - https:\/\/yoast.com\/wordpress\/plugins\/seo\/ -->\n<title>Comprendiendo la obesidad - mid-med<\/title>\n<meta name=\"robots\" content=\"index, follow, max-snippet:-1, max-image-preview:large, max-video-preview:-1\" \/>\n<link rel=\"canonical\" href=\"https:\/\/www.mid-med.com\/es\/surgery\/comprendiendo-la-obesidad\/\" \/>\n<meta property=\"og:locale\" content=\"es_ES\" \/>\n<meta property=\"og:type\" content=\"article\" \/>\n<meta property=\"og:title\" content=\"Comprendiendo la obesidad - mid-med\" \/>\n<meta property=\"og:description\" content=\"Causas principales de la obesidad La obesidad es una enfermedad cr\u00f3nica, al igual que el asma o la hipertensi\u00f3n. La obesidad se debe a la interacci\u00f3n\u00a0de varios factores: h\u00e1bitos alimenticios, falta de ejercicio f\u00edsico, predisposici\u00f3n gen\u00e9tica, y en algunos casos, pobreza y entorno social. Una dieta desequilibrada: Alimentos muy energ\u00e9ticos (en especial, alimentos grasos) de [&hellip;]\" \/>\n<meta property=\"og:url\" content=\"https:\/\/www.mid-med.com\/es\/surgery\/comprendiendo-la-obesidad\/\" \/>\n<meta property=\"og:site_name\" content=\"mid-med\" \/>\n<meta property=\"article:modified_time\" content=\"2016-02-10T17:09:05+00:00\" \/>\n<meta property=\"og:image\" content=\"https:\/\/www.mid-med.com\/wp-content\/uploads\/2020\/02\/cropped-FAVICON.png\" \/>\n\t<meta property=\"og:image:width\" content=\"512\" \/>\n\t<meta property=\"og:image:height\" content=\"512\" \/>\n\t<meta property=\"og:image:type\" content=\"image\/png\" \/>\n<meta name=\"twitter:label1\" content=\"Tiempo de lectura\" \/>\n\t<meta name=\"twitter:data1\" content=\"1 minuto\" \/>\n<script type=\"application\/ld+json\" class=\"yoast-schema-graph\">{\"@context\":\"https:\/\/schema.org\",\"@graph\":[{\"@type\":\"WebPage\",\"@id\":\"https:\/\/www.mid-med.com\/es\/surgery\/comprendiendo-la-obesidad\/\",\"url\":\"https:\/\/www.mid-med.com\/es\/surgery\/comprendiendo-la-obesidad\/\",\"name\":\"Comprendiendo la obesidad - mid-med\",\"isPartOf\":{\"@id\":\"https:\/\/www.mid-med.com\/#website\"},\"datePublished\":\"2016-01-25T16:16:28+00:00\",\"dateModified\":\"2016-02-10T17:09:05+00:00\",\"breadcrumb\":{\"@id\":\"https:\/\/www.mid-med.com\/es\/surgery\/comprendiendo-la-obesidad\/#breadcrumb\"},\"inLanguage\":\"es\",\"potentialAction\":[{\"@type\":\"ReadAction\",\"target\":[\"https:\/\/www.mid-med.com\/es\/surgery\/comprendiendo-la-obesidad\/\"]}]},{\"@type\":\"BreadcrumbList\",\"@id\":\"https:\/\/www.mid-med.com\/es\/surgery\/comprendiendo-la-obesidad\/#breadcrumb\",\"itemListElement\":[{\"@type\":\"ListItem\",\"position\":1,\"name\":\"Accueil\",\"item\":\"https:\/\/www.mid-med.com\/es\/\"},{\"@type\":\"ListItem\",\"position\":2,\"name\":\"Cirug\u00eda\",\"item\":\"https:\/\/www.mid-med.com\/es\/surgery\/\"},{\"@type\":\"ListItem\",\"position\":3,\"name\":\"Comprendiendo la obesidad\"}]},{\"@type\":\"WebSite\",\"@id\":\"https:\/\/www.mid-med.com\/#website\",\"url\":\"https:\/\/www.mid-med.com\/\",\"name\":\"mid-med\",\"description\":\"\",\"publisher\":{\"@id\":\"https:\/\/www.mid-med.com\/#organization\"},\"potentialAction\":[{\"@type\":\"SearchAction\",\"target\":{\"@type\":\"EntryPoint\",\"urlTemplate\":\"https:\/\/www.mid-med.com\/?s={search_term_string}\"},\"query-input\":{\"@type\":\"PropertyValueSpecification\",\"valueRequired\":true,\"valueName\":\"search_term_string\"}}],\"inLanguage\":\"es\"},{\"@type\":\"Organization\",\"@id\":\"https:\/\/www.mid-med.com\/#organization\",\"name\":\"M\u00e9dical Innovation D\u00e9veloppement\",\"url\":\"https:\/\/www.mid-med.com\/\",\"logo\":{\"@type\":\"ImageObject\",\"inLanguage\":\"es\",\"@id\":\"https:\/\/www.mid-med.com\/#\/schema\/logo\/image\/\",\"url\":\"https:\/\/www.mid-med.com\/wp-content\/uploads\/2020\/02\/cropped-FAVICON.png\",\"contentUrl\":\"https:\/\/www.mid-med.com\/wp-content\/uploads\/2020\/02\/cropped-FAVICON.png\",\"width\":512,\"height\":512,\"caption\":\"M\u00e9dical Innovation D\u00e9veloppement\"},\"image\":{\"@id\":\"https:\/\/www.mid-med.com\/#\/schema\/logo\/image\/\"},\"sameAs\":[\"https:\/\/www.youtube.com\/channel\/UC9_dqw4pEUXutRtVfOBI15g\"]}]}<\/script>\n<!-- \/ Yoast SEO plugin. -->","yoast_head_json":{"title":"Comprendiendo la obesidad - mid-med","robots":{"index":"index","follow":"follow","max-snippet":"max-snippet:-1","max-image-preview":"max-image-preview:large","max-video-preview":"max-video-preview:-1"},"canonical":"https:\/\/www.mid-med.com\/es\/surgery\/comprendiendo-la-obesidad\/","og_locale":"es_ES","og_type":"article","og_title":"Comprendiendo la obesidad - mid-med","og_description":"Causas principales de la obesidad La obesidad es una enfermedad cr\u00f3nica, al igual que el asma o la hipertensi\u00f3n. La obesidad se debe a la interacci\u00f3n\u00a0de varios factores: h\u00e1bitos alimenticios, falta de ejercicio f\u00edsico, predisposici\u00f3n gen\u00e9tica, y en algunos casos, pobreza y entorno social. Una dieta desequilibrada: Alimentos muy energ\u00e9ticos (en especial, alimentos grasos) de [&hellip;]","og_url":"https:\/\/www.mid-med.com\/es\/surgery\/comprendiendo-la-obesidad\/","og_site_name":"mid-med","article_modified_time":"2016-02-10T17:09:05+00:00","og_image":[{"width":512,"height":512,"url":"https:\/\/www.mid-med.com\/wp-content\/uploads\/2020\/02\/cropped-FAVICON.png","type":"image\/png"}],"twitter_misc":{"Tiempo de lectura":"1 minuto"},"schema":{"@context":"https:\/\/schema.org","@graph":[{"@type":"WebPage","@id":"https:\/\/www.mid-med.com\/es\/surgery\/comprendiendo-la-obesidad\/","url":"https:\/\/www.mid-med.com\/es\/surgery\/comprendiendo-la-obesidad\/","name":"Comprendiendo la obesidad - mid-med","isPartOf":{"@id":"https:\/\/www.mid-med.com\/#website"},"datePublished":"2016-01-25T16:16:28+00:00","dateModified":"2016-02-10T17:09:05+00:00","breadcrumb":{"@id":"https:\/\/www.mid-med.com\/es\/surgery\/comprendiendo-la-obesidad\/#breadcrumb"},"inLanguage":"es","potentialAction":[{"@type":"ReadAction","target":["https:\/\/www.mid-med.com\/es\/surgery\/comprendiendo-la-obesidad\/"]}]},{"@type":"BreadcrumbList","@id":"https:\/\/www.mid-med.com\/es\/surgery\/comprendiendo-la-obesidad\/#breadcrumb","itemListElement":[{"@type":"ListItem","position":1,"name":"Accueil","item":"https:\/\/www.mid-med.com\/es\/"},{"@type":"ListItem","position":2,"name":"Cirug\u00eda","item":"https:\/\/www.mid-med.com\/es\/surgery\/"},{"@type":"ListItem","position":3,"name":"Comprendiendo la obesidad"}]},{"@type":"WebSite","@id":"https:\/\/www.mid-med.com\/#website","url":"https:\/\/www.mid-med.com\/","name":"mid-med","description":"","publisher":{"@id":"https:\/\/www.mid-med.com\/#organization"},"potentialAction":[{"@type":"SearchAction","target":{"@type":"EntryPoint","urlTemplate":"https:\/\/www.mid-med.com\/?s={search_term_string}"},"query-input":{"@type":"PropertyValueSpecification","valueRequired":true,"valueName":"search_term_string"}}],"inLanguage":"es"},{"@type":"Organization","@id":"https:\/\/www.mid-med.com\/#organization","name":"M\u00e9dical Innovation D\u00e9veloppement","url":"https:\/\/www.mid-med.com\/","logo":{"@type":"ImageObject","inLanguage":"es","@id":"https:\/\/www.mid-med.com\/#\/schema\/logo\/image\/","url":"https:\/\/www.mid-med.com\/wp-content\/uploads\/2020\/02\/cropped-FAVICON.png","contentUrl":"https:\/\/www.mid-med.com\/wp-content\/uploads\/2020\/02\/cropped-FAVICON.png","width":512,"height":512,"caption":"M\u00e9dical Innovation D\u00e9veloppement"},"image":{"@id":"https:\/\/www.mid-med.com\/#\/schema\/logo\/image\/"},"sameAs":["https:\/\/www.youtube.com\/channel\/UC9_dqw4pEUXutRtVfOBI15g"]}]}},"_links":{"self":[{"href":"https:\/\/www.mid-med.com\/es\/wp-json\/wp\/v2\/pages\/2577\/"}],"collection":[{"href":"https:\/\/www.mid-med.com\/es\/wp-json\/wp\/v2\/pages\/"}],"about":[{"href":"https:\/\/www.mid-med.com\/es\/wp-json\/wp\/v2\/types\/page\/"}],"author":[{"embeddable":true,"href":"https:\/\/www.mid-med.com\/es\/wp-json\/wp\/v2\/users\/1\/"}],"replies":[{"embeddable":true,"href":"https:\/\/www.mid-med.com\/es\/wp-json\/wp\/v2\/comments\/?post=2577"}],"version-history":[{"count":4,"href":"https:\/\/www.mid-med.com\/es\/wp-json\/wp\/v2\/pages\/2577\/revisions\/"}],"predecessor-version":[{"id":2991,"href":"https:\/\/www.mid-med.com\/es\/wp-json\/wp\/v2\/pages\/2577\/revisions\/2991\/"}],"up":[{"embeddable":true,"href":"https:\/\/www.mid-med.com\/es\/wp-json\/wp\/v2\/pages\/2543\/"}],"wp:attachment":[{"href":"https:\/\/www.mid-med.com\/es\/wp-json\/wp\/v2\/media\/?parent=2577"}],"curies":[{"name":"wp","href":"https:\/\/api.w.org\/{rel}","templated":true}]}}