{"id":6514,"date":"2020-07-27T15:48:09","date_gmt":"2020-07-27T15:48:09","guid":{"rendered":"https:\/\/www.mid-med.com\/?page_id=6514"},"modified":"2022-07-15T16:40:15","modified_gmt":"2022-07-15T16:40:15","slug":"calcule-su-indice-de-masa-corporal","status":"publish","type":"page","link":"https:\/\/www.mid-med.com\/es\/surgery\/calcule-su-indice-de-masa-corporal\/","title":{"rendered":"Calcule su \u00edndice de masa corporal"},"content":{"rendered":"<div class=\"bgbleu\">\n<div class=\"primary\">\n<h2>Regla de c\u00e1lculo de IMC<\/h2>\n<p>El IMC o \u00cdndice de Masa Corporal eval\u00faa la corpulencia de una persona para estimar el riesgo de enfermedades por exceso o insuficiencia de peso (enfermedades cardiovasculares, hipertensi\u00f3n, diabetes). Para ello, divide el peso por la altura al cuadrado.<\/p>\n<p>En general, el IMC se calcula para personas entre 18 y 65 a\u00f1os. Por lo tanto, los ni\u00f1os no se ven afectados por esta medida.<\/p>\n<\/div>\n<div class=\"secondary\"><iframe loading=\"lazy\" title=\"BMI\" src=\"https:\/\/www.mid-med.com\/wp-content\/themes\/mid-medicaldevice\/BMI\/bmiSP_html5.html\" width=\"500\" height=\"460\"><\/iframe><\/div>\n<div class=\"clear\"><\/div>\n<\/div>\n<p style=\"text-align: center;\">La clasificaci\u00f3n del IMC fue establecida por la Organizaci\u00f3n Mundial de la Salud.<\/p>\n<h4 class=\"consult\">CONSULTE A SU M\u00c9DICO DE CARA<\/h4>\n","protected":false},"excerpt":{"rendered":"<p>Regla de c\u00e1lculo de IMC El IMC o \u00cdndice de Masa Corporal eval\u00faa la corpulencia de una persona para estimar el riesgo de enfermedades por exceso o insuficiencia de peso (enfermedades cardiovasculares, hipertensi\u00f3n, diabetes). Para ello, divide el peso por la altura al cuadrado. En general, el IMC se calcula para personas entre 18 y [&hellip;]<\/p>\n","protected":false},"author":2,"featured_media":0,"parent":2543,"menu_order":0,"comment_status":"closed","ping_status":"closed","template":"","meta":{"_acf_changed":false,"footnotes":""},"class_list":["post-6514","page","type-page","status-publish","hentry"],"acf":[],"yoast_head":"<!-- This site is optimized with the Yoast SEO plugin v26.7 - https:\/\/yoast.com\/wordpress\/plugins\/seo\/ -->\n<title>Calcule su \u00edndice de masa corporal - mid-med<\/title>\n<meta name=\"robots\" content=\"index, follow, max-snippet:-1, max-image-preview:large, max-video-preview:-1\" \/>\n<link rel=\"canonical\" href=\"https:\/\/www.mid-med.com\/es\/surgery\/calcule-su-indice-de-masa-corporal\/\" \/>\n<meta property=\"og:locale\" content=\"es_ES\" \/>\n<meta property=\"og:type\" content=\"article\" \/>\n<meta property=\"og:title\" content=\"Calcule su \u00edndice de masa corporal - mid-med\" \/>\n<meta property=\"og:description\" content=\"Regla de c\u00e1lculo de IMC El IMC o \u00cdndice de Masa Corporal eval\u00faa la corpulencia de una persona para estimar el riesgo de enfermedades por exceso o insuficiencia de peso (enfermedades cardiovasculares, hipertensi\u00f3n, diabetes). Para ello, divide el peso por la altura al cuadrado. En general, el IMC se calcula para personas entre 18 y [&hellip;]\" \/>\n<meta property=\"og:url\" content=\"https:\/\/www.mid-med.com\/es\/surgery\/calcule-su-indice-de-masa-corporal\/\" \/>\n<meta property=\"og:site_name\" content=\"mid-med\" \/>\n<meta property=\"article:modified_time\" content=\"2022-07-15T16:40:15+00:00\" \/>\n<meta property=\"og:image\" content=\"https:\/\/www.mid-med.com\/wp-content\/uploads\/2020\/02\/cropped-FAVICON.png\" \/>\n\t<meta property=\"og:image:width\" content=\"512\" \/>\n\t<meta property=\"og:image:height\" content=\"512\" \/>\n\t<meta property=\"og:image:type\" content=\"image\/png\" \/>\n<script type=\"application\/ld+json\" class=\"yoast-schema-graph\">{\"@context\":\"https:\/\/schema.org\",\"@graph\":[{\"@type\":\"WebPage\",\"@id\":\"https:\/\/www.mid-med.com\/es\/surgery\/calcule-su-indice-de-masa-corporal\/\",\"url\":\"https:\/\/www.mid-med.com\/es\/surgery\/calcule-su-indice-de-masa-corporal\/\",\"name\":\"Calcule su \u00edndice de masa corporal - mid-med\",\"isPartOf\":{\"@id\":\"https:\/\/www.mid-med.com\/#website\"},\"datePublished\":\"2020-07-27T15:48:09+00:00\",\"dateModified\":\"2022-07-15T16:40:15+00:00\",\"breadcrumb\":{\"@id\":\"https:\/\/www.mid-med.com\/es\/surgery\/calcule-su-indice-de-masa-corporal\/#breadcrumb\"},\"inLanguage\":\"es\",\"potentialAction\":[{\"@type\":\"ReadAction\",\"target\":[\"https:\/\/www.mid-med.com\/es\/surgery\/calcule-su-indice-de-masa-corporal\/\"]}]},{\"@type\":\"BreadcrumbList\",\"@id\":\"https:\/\/www.mid-med.com\/es\/surgery\/calcule-su-indice-de-masa-corporal\/#breadcrumb\",\"itemListElement\":[{\"@type\":\"ListItem\",\"position\":1,\"name\":\"Accueil\",\"item\":\"https:\/\/www.mid-med.com\/es\/\"},{\"@type\":\"ListItem\",\"position\":2,\"name\":\"Cirug\u00eda\",\"item\":\"https:\/\/www.mid-med.com\/es\/surgery\/\"},{\"@type\":\"ListItem\",\"position\":3,\"name\":\"Calcule su \u00edndice de masa corporal\"}]},{\"@type\":\"WebSite\",\"@id\":\"https:\/\/www.mid-med.com\/#website\",\"url\":\"https:\/\/www.mid-med.com\/\",\"name\":\"mid-med\",\"description\":\"\",\"publisher\":{\"@id\":\"https:\/\/www.mid-med.com\/#organization\"},\"potentialAction\":[{\"@type\":\"SearchAction\",\"target\":{\"@type\":\"EntryPoint\",\"urlTemplate\":\"https:\/\/www.mid-med.com\/?s={search_term_string}\"},\"query-input\":{\"@type\":\"PropertyValueSpecification\",\"valueRequired\":true,\"valueName\":\"search_term_string\"}}],\"inLanguage\":\"es\"},{\"@type\":\"Organization\",\"@id\":\"https:\/\/www.mid-med.com\/#organization\",\"name\":\"M\u00e9dical Innovation D\u00e9veloppement\",\"url\":\"https:\/\/www.mid-med.com\/\",\"logo\":{\"@type\":\"ImageObject\",\"inLanguage\":\"es\",\"@id\":\"https:\/\/www.mid-med.com\/#\/schema\/logo\/image\/\",\"url\":\"https:\/\/www.mid-med.com\/wp-content\/uploads\/2020\/02\/cropped-FAVICON.png\",\"contentUrl\":\"https:\/\/www.mid-med.com\/wp-content\/uploads\/2020\/02\/cropped-FAVICON.png\",\"width\":512,\"height\":512,\"caption\":\"M\u00e9dical Innovation D\u00e9veloppement\"},\"image\":{\"@id\":\"https:\/\/www.mid-med.com\/#\/schema\/logo\/image\/\"},\"sameAs\":[\"https:\/\/www.youtube.com\/channel\/UC9_dqw4pEUXutRtVfOBI15g\"]}]}<\/script>\n<!-- \/ Yoast SEO plugin. -->","yoast_head_json":{"title":"Calcule su \u00edndice de masa corporal - mid-med","robots":{"index":"index","follow":"follow","max-snippet":"max-snippet:-1","max-image-preview":"max-image-preview:large","max-video-preview":"max-video-preview:-1"},"canonical":"https:\/\/www.mid-med.com\/es\/surgery\/calcule-su-indice-de-masa-corporal\/","og_locale":"es_ES","og_type":"article","og_title":"Calcule su \u00edndice de masa corporal - mid-med","og_description":"Regla de c\u00e1lculo de IMC El IMC o \u00cdndice de Masa Corporal eval\u00faa la corpulencia de una persona para estimar el riesgo de enfermedades por exceso o insuficiencia de peso (enfermedades cardiovasculares, hipertensi\u00f3n, diabetes). Para ello, divide el peso por la altura al cuadrado. En general, el IMC se calcula para personas entre 18 y [&hellip;]","og_url":"https:\/\/www.mid-med.com\/es\/surgery\/calcule-su-indice-de-masa-corporal\/","og_site_name":"mid-med","article_modified_time":"2022-07-15T16:40:15+00:00","og_image":[{"width":512,"height":512,"url":"https:\/\/www.mid-med.com\/wp-content\/uploads\/2020\/02\/cropped-FAVICON.png","type":"image\/png"}],"schema":{"@context":"https:\/\/schema.org","@graph":[{"@type":"WebPage","@id":"https:\/\/www.mid-med.com\/es\/surgery\/calcule-su-indice-de-masa-corporal\/","url":"https:\/\/www.mid-med.com\/es\/surgery\/calcule-su-indice-de-masa-corporal\/","name":"Calcule su \u00edndice de masa corporal - mid-med","isPartOf":{"@id":"https:\/\/www.mid-med.com\/#website"},"datePublished":"2020-07-27T15:48:09+00:00","dateModified":"2022-07-15T16:40:15+00:00","breadcrumb":{"@id":"https:\/\/www.mid-med.com\/es\/surgery\/calcule-su-indice-de-masa-corporal\/#breadcrumb"},"inLanguage":"es","potentialAction":[{"@type":"ReadAction","target":["https:\/\/www.mid-med.com\/es\/surgery\/calcule-su-indice-de-masa-corporal\/"]}]},{"@type":"BreadcrumbList","@id":"https:\/\/www.mid-med.com\/es\/surgery\/calcule-su-indice-de-masa-corporal\/#breadcrumb","itemListElement":[{"@type":"ListItem","position":1,"name":"Accueil","item":"https:\/\/www.mid-med.com\/es\/"},{"@type":"ListItem","position":2,"name":"Cirug\u00eda","item":"https:\/\/www.mid-med.com\/es\/surgery\/"},{"@type":"ListItem","position":3,"name":"Calcule su \u00edndice de masa corporal"}]},{"@type":"WebSite","@id":"https:\/\/www.mid-med.com\/#website","url":"https:\/\/www.mid-med.com\/","name":"mid-med","description":"","publisher":{"@id":"https:\/\/www.mid-med.com\/#organization"},"potentialAction":[{"@type":"SearchAction","target":{"@type":"EntryPoint","urlTemplate":"https:\/\/www.mid-med.com\/?s={search_term_string}"},"query-input":{"@type":"PropertyValueSpecification","valueRequired":true,"valueName":"search_term_string"}}],"inLanguage":"es"},{"@type":"Organization","@id":"https:\/\/www.mid-med.com\/#organization","name":"M\u00e9dical Innovation D\u00e9veloppement","url":"https:\/\/www.mid-med.com\/","logo":{"@type":"ImageObject","inLanguage":"es","@id":"https:\/\/www.mid-med.com\/#\/schema\/logo\/image\/","url":"https:\/\/www.mid-med.com\/wp-content\/uploads\/2020\/02\/cropped-FAVICON.png","contentUrl":"https:\/\/www.mid-med.com\/wp-content\/uploads\/2020\/02\/cropped-FAVICON.png","width":512,"height":512,"caption":"M\u00e9dical Innovation D\u00e9veloppement"},"image":{"@id":"https:\/\/www.mid-med.com\/#\/schema\/logo\/image\/"},"sameAs":["https:\/\/www.youtube.com\/channel\/UC9_dqw4pEUXutRtVfOBI15g"]}]}},"_links":{"self":[{"href":"https:\/\/www.mid-med.com\/es\/wp-json\/wp\/v2\/pages\/6514\/"}],"collection":[{"href":"https:\/\/www.mid-med.com\/es\/wp-json\/wp\/v2\/pages\/"}],"about":[{"href":"https:\/\/www.mid-med.com\/es\/wp-json\/wp\/v2\/types\/page\/"}],"author":[{"embeddable":true,"href":"https:\/\/www.mid-med.com\/es\/wp-json\/wp\/v2\/users\/2\/"}],"replies":[{"embeddable":true,"href":"https:\/\/www.mid-med.com\/es\/wp-json\/wp\/v2\/comments\/?post=6514"}],"version-history":[{"count":3,"href":"https:\/\/www.mid-med.com\/es\/wp-json\/wp\/v2\/pages\/6514\/revisions\/"}],"predecessor-version":[{"id":7221,"href":"https:\/\/www.mid-med.com\/es\/wp-json\/wp\/v2\/pages\/6514\/revisions\/7221\/"}],"up":[{"embeddable":true,"href":"https:\/\/www.mid-med.com\/es\/wp-json\/wp\/v2\/pages\/2543\/"}],"wp:attachment":[{"href":"https:\/\/www.mid-med.com\/es\/wp-json\/wp\/v2\/media\/?parent=6514"}],"curies":[{"name":"wp","href":"https:\/\/api.w.org\/{rel}","templated":true}]}}