{"id":2421,"date":"2015-11-08T10:06:41","date_gmt":"2015-11-08T10:06:41","guid":{"rendered":"https:\/\/www.mid-med.com\/?page_id=2421"},"modified":"2016-02-15T16:01:44","modified_gmt":"2016-02-15T16:01:44","slug":"siete-interessati-da-questo-problema","status":"publish","type":"page","link":"https:\/\/www.mid-med.com\/it\/chirurgia\/siete-interessati-da-questo-problema\/","title":{"rendered":"Siete interessati da questo problema ?"},"content":{"rendered":"<p><span style=\"color: #000000;\"><span style=\"font-family: Helvetica, serif;\"><span style=\"font-size: medium;\">Qual \u00e8 il confine tra un semplice sovrappeso ed una vera e propria obesit\u00e0? Per saperlo \u00e8 sufficiente calcolare l&#8217;Indice di Massa Corporea (IMC) che tiene conto del rapporto tra il peso e la statura di una persona:<\/span><\/span><\/span><\/p>\n<p><span style=\"color: #000000;\"><span style=\"font-family: Helvetica, serif;\"><span style=\"font-size: medium;\">IMC\/BMI(kg\/m\u00b2)<\/span><\/span><\/span><\/p>\n<p><span style=\"color: #000000;\"><span style=\"font-family: Helvetica, serif;\"><span style=\"font-size: medium;\"><span lang=\"it-IT\">Esempio :<\/span><\/span><\/span><\/span><\/p>\n<p><span style=\"color: #000000;\"><span style=\"font-family: Helvetica, serif;\"><span style=\"font-size: medium;\">&#8211; Una persona di 1,60 metri e 62 kg ha un IMC di 62\/(1.6*1.6)= 24,1<\/span><\/span><\/span><\/p>\n<p><span style=\"color: #000000;\"><span style=\"font-family: Helvetica, serif;\"><span style=\"font-size: medium;\">&#8211; Una persona di 1,80 metri e de 75 kg ha un IMC di 75\/(1.8*1.8)=23.1<\/span><\/span><\/span><\/p>\n<p>&nbsp;<\/p>\n<p><span style=\"color: #000000;\"><span style=\"font-family: Helvetica, serif;\"><span style=\"font-size: medium;\">Classificazione Internazionale degli adulti :<\/span><\/span><\/span><\/p>\n<p><span style=\"color: #000000;\"><span style=\"font-family: Helvetica, serif;\"><span style=\"font-size: medium;\">(Magri, in sovrappeso e obesi) secondo l\u2019IMC<\/span><\/span><\/span><\/p>\n<table style=\"width: 530px;\" border=\"5\" cellpadding=\"5\">\n<tbody>\n<tr style=\"background: #336799;\">\n<td style=\"color: #fff;\">Principali valori di separazione<\/td>\n<\/tr>\n<tr style=\"background: #dcf2fc;\">\n<td>Magrezza<\/td>\n<td style=\"text-align: center;\">&lt;18.5<\/td>\n<\/tr>\n<tr style=\"background: #b7e5f9;\">\n<td>Peso Normale<\/td>\n<td style=\"text-align: center;\">18.5 &#8211; 24.9<\/td>\n<\/tr>\n<tr style=\"background: #73ccf4;\">\n<td>Sovrappeso<\/td>\n<td style=\"text-align: center;\">&gt;25.0<\/td>\n<\/tr>\n<tr style=\"background: #2caee7;\">\n<td>Pro-obeso<\/td>\n<td style=\"text-align: center;\">&gt;25.0 &#8211; 29.9<\/td>\n<\/tr>\n<tr style=\"background: #0087c6;\">\n<td>Obesit\u00e0<\/td>\n<td style=\"text-align: center;\">&gt;30.0<\/td>\n<\/tr>\n<tr style=\"background: #006194;\">\n<td style=\"color: #fff;\">Obesit\u00e0, classe I<\/td>\n<td style=\"text-align: center; color: #fff;\">30.0 &#8211; 34.9<\/td>\n<\/tr>\n<tr style=\"background: #002a41;\">\n<td style=\"color: #fff;\">Obesit\u00e0, classe II<\/td>\n<td style=\"text-align: center; color: #fff;\">35.0 &#8211; 39.9<\/td>\n<\/tr>\n<tr style=\"background: #000;\">\n<td style=\"color: #fff;\">Obesit\u00e0, classe III<\/td>\n<td style=\"text-align: center; color: #fff;\">&gt;40.0<\/td>\n<\/tr>\n<\/tbody>\n<\/table>\n<p class=\"consult\" style=\"text-align: left;\">Fonte: Adattato da WHO 1995, WHO 2000 e WHO 2004 (Organizzazione Mondiale della Sanit\u00e0\/OMS)<strong><br \/>\n<\/strong><\/p>\n<h4 class=\"consult\" style=\"text-align: center;\"><strong><br \/>\nCONSULTARE\u00a0UN MEDICO DI MEDICINA\u00a0<b class=\"b3\">GENERALE<\/b><\/strong><\/h4>\n","protected":false},"excerpt":{"rendered":"<p>Qual \u00e8 il confine tra un semplice sovrappeso ed una vera e propria obesit\u00e0? Per saperlo \u00e8 sufficiente calcolare l&#8217;Indice di Massa Corporea (IMC) che tiene conto del rapporto tra il peso e la statura di una persona: IMC\/BMI(kg\/m\u00b2) Esempio : &#8211; Una persona di 1,60 metri e 62 kg ha un IMC di 62\/(1.6*1.6)= [&hellip;]<\/p>\n","protected":false},"author":1,"featured_media":0,"parent":2450,"menu_order":0,"comment_status":"closed","ping_status":"closed","template":"","meta":{"_acf_changed":false,"footnotes":""},"class_list":["post-2421","page","type-page","status-publish","hentry"],"acf":[],"yoast_head":"<!-- This site is optimized with the Yoast SEO plugin v26.7 - https:\/\/yoast.com\/wordpress\/plugins\/seo\/ -->\n<title>Siete interessati da questo problema ? -mid-med<\/title>\n<meta name=\"robots\" content=\"index, follow, max-snippet:-1, max-image-preview:large, max-video-preview:-1\" \/>\n<link rel=\"canonical\" href=\"https:\/\/www.mid-med.com\/it\/chirurgia\/siete-interessati-da-questo-problema\/\" \/>\n<meta property=\"og:locale\" content=\"it_IT\" \/>\n<meta property=\"og:type\" content=\"article\" \/>\n<meta property=\"og:title\" content=\"Siete interessati da questo problema ? -mid-med\" \/>\n<meta property=\"og:description\" content=\"Qual \u00e8 il confine tra un semplice sovrappeso ed una vera e propria obesit\u00e0? Per saperlo \u00e8 sufficiente calcolare l&#8217;Indice di Massa Corporea (IMC) che tiene conto del rapporto tra il peso e la statura di una persona: IMC\/BMI(kg\/m\u00b2) Esempio : &#8211; Una persona di 1,60 metri e 62 kg ha un IMC di 62\/(1.6*1.6)= [&hellip;]\" \/>\n<meta property=\"og:url\" content=\"https:\/\/www.mid-med.com\/it\/chirurgia\/siete-interessati-da-questo-problema\/\" \/>\n<meta property=\"og:site_name\" content=\"mid-med\" \/>\n<meta property=\"article:modified_time\" content=\"2016-02-15T16:01:44+00:00\" \/>\n<meta property=\"og:image\" content=\"https:\/\/www.mid-med.com\/wp-content\/uploads\/2020\/02\/cropped-FAVICON.png\" \/>\n\t<meta property=\"og:image:width\" content=\"512\" \/>\n\t<meta property=\"og:image:height\" content=\"512\" \/>\n\t<meta property=\"og:image:type\" content=\"image\/png\" \/>\n<meta name=\"twitter:label1\" content=\"Tempo di lettura stimato\" \/>\n\t<meta name=\"twitter:data1\" content=\"1 minuto\" \/>\n<script type=\"application\/ld+json\" class=\"yoast-schema-graph\">{\"@context\":\"https:\/\/schema.org\",\"@graph\":[{\"@type\":\"WebPage\",\"@id\":\"https:\/\/www.mid-med.com\/it\/chirurgia\/siete-interessati-da-questo-problema\/\",\"url\":\"https:\/\/www.mid-med.com\/it\/chirurgia\/siete-interessati-da-questo-problema\/\",\"name\":\"Siete interessati da questo problema ? -mid-med\",\"isPartOf\":{\"@id\":\"https:\/\/www.mid-med.com\/#website\"},\"datePublished\":\"2015-11-08T10:06:41+00:00\",\"dateModified\":\"2016-02-15T16:01:44+00:00\",\"breadcrumb\":{\"@id\":\"https:\/\/www.mid-med.com\/it\/chirurgia\/siete-interessati-da-questo-problema\/#breadcrumb\"},\"inLanguage\":\"it-IT\",\"potentialAction\":[{\"@type\":\"ReadAction\",\"target\":[\"https:\/\/www.mid-med.com\/it\/chirurgia\/siete-interessati-da-questo-problema\/\"]}]},{\"@type\":\"BreadcrumbList\",\"@id\":\"https:\/\/www.mid-med.com\/it\/chirurgia\/siete-interessati-da-questo-problema\/#breadcrumb\",\"itemListElement\":[{\"@type\":\"ListItem\",\"position\":1,\"name\":\"Accueil\",\"item\":\"https:\/\/www.mid-med.com\/it\/\"},{\"@type\":\"ListItem\",\"position\":2,\"name\":\"Chirurgia\",\"item\":\"https:\/\/www.mid-med.com\/it\/chirurgia\/\"},{\"@type\":\"ListItem\",\"position\":3,\"name\":\"Siete interessati da questo problema ?\"}]},{\"@type\":\"WebSite\",\"@id\":\"https:\/\/www.mid-med.com\/#website\",\"url\":\"https:\/\/www.mid-med.com\/\",\"name\":\"mid-med\",\"description\":\"\",\"publisher\":{\"@id\":\"https:\/\/www.mid-med.com\/#organization\"},\"potentialAction\":[{\"@type\":\"SearchAction\",\"target\":{\"@type\":\"EntryPoint\",\"urlTemplate\":\"https:\/\/www.mid-med.com\/?s={search_term_string}\"},\"query-input\":{\"@type\":\"PropertyValueSpecification\",\"valueRequired\":true,\"valueName\":\"search_term_string\"}}],\"inLanguage\":\"it-IT\"},{\"@type\":\"Organization\",\"@id\":\"https:\/\/www.mid-med.com\/#organization\",\"name\":\"M\u00e9dical Innovation D\u00e9veloppement\",\"url\":\"https:\/\/www.mid-med.com\/\",\"logo\":{\"@type\":\"ImageObject\",\"inLanguage\":\"it-IT\",\"@id\":\"https:\/\/www.mid-med.com\/#\/schema\/logo\/image\/\",\"url\":\"https:\/\/www.mid-med.com\/wp-content\/uploads\/2020\/02\/cropped-FAVICON.png\",\"contentUrl\":\"https:\/\/www.mid-med.com\/wp-content\/uploads\/2020\/02\/cropped-FAVICON.png\",\"width\":512,\"height\":512,\"caption\":\"M\u00e9dical Innovation D\u00e9veloppement\"},\"image\":{\"@id\":\"https:\/\/www.mid-med.com\/#\/schema\/logo\/image\/\"},\"sameAs\":[\"https:\/\/www.youtube.com\/channel\/UC9_dqw4pEUXutRtVfOBI15g\"]}]}<\/script>\n<!-- \/ Yoast SEO plugin. -->","yoast_head_json":{"title":"Siete interessati da questo problema ? -mid-med","robots":{"index":"index","follow":"follow","max-snippet":"max-snippet:-1","max-image-preview":"max-image-preview:large","max-video-preview":"max-video-preview:-1"},"canonical":"https:\/\/www.mid-med.com\/it\/chirurgia\/siete-interessati-da-questo-problema\/","og_locale":"it_IT","og_type":"article","og_title":"Siete interessati da questo problema ? -mid-med","og_description":"Qual \u00e8 il confine tra un semplice sovrappeso ed una vera e propria obesit\u00e0? Per saperlo \u00e8 sufficiente calcolare l&#8217;Indice di Massa Corporea (IMC) che tiene conto del rapporto tra il peso e la statura di una persona: IMC\/BMI(kg\/m\u00b2) Esempio : &#8211; Una persona di 1,60 metri e 62 kg ha un IMC di 62\/(1.6*1.6)= [&hellip;]","og_url":"https:\/\/www.mid-med.com\/it\/chirurgia\/siete-interessati-da-questo-problema\/","og_site_name":"mid-med","article_modified_time":"2016-02-15T16:01:44+00:00","og_image":[{"width":512,"height":512,"url":"https:\/\/www.mid-med.com\/wp-content\/uploads\/2020\/02\/cropped-FAVICON.png","type":"image\/png"}],"twitter_misc":{"Tempo di lettura stimato":"1 minuto"},"schema":{"@context":"https:\/\/schema.org","@graph":[{"@type":"WebPage","@id":"https:\/\/www.mid-med.com\/it\/chirurgia\/siete-interessati-da-questo-problema\/","url":"https:\/\/www.mid-med.com\/it\/chirurgia\/siete-interessati-da-questo-problema\/","name":"Siete interessati da questo problema ? -mid-med","isPartOf":{"@id":"https:\/\/www.mid-med.com\/#website"},"datePublished":"2015-11-08T10:06:41+00:00","dateModified":"2016-02-15T16:01:44+00:00","breadcrumb":{"@id":"https:\/\/www.mid-med.com\/it\/chirurgia\/siete-interessati-da-questo-problema\/#breadcrumb"},"inLanguage":"it-IT","potentialAction":[{"@type":"ReadAction","target":["https:\/\/www.mid-med.com\/it\/chirurgia\/siete-interessati-da-questo-problema\/"]}]},{"@type":"BreadcrumbList","@id":"https:\/\/www.mid-med.com\/it\/chirurgia\/siete-interessati-da-questo-problema\/#breadcrumb","itemListElement":[{"@type":"ListItem","position":1,"name":"Accueil","item":"https:\/\/www.mid-med.com\/it\/"},{"@type":"ListItem","position":2,"name":"Chirurgia","item":"https:\/\/www.mid-med.com\/it\/chirurgia\/"},{"@type":"ListItem","position":3,"name":"Siete interessati da questo problema ?"}]},{"@type":"WebSite","@id":"https:\/\/www.mid-med.com\/#website","url":"https:\/\/www.mid-med.com\/","name":"mid-med","description":"","publisher":{"@id":"https:\/\/www.mid-med.com\/#organization"},"potentialAction":[{"@type":"SearchAction","target":{"@type":"EntryPoint","urlTemplate":"https:\/\/www.mid-med.com\/?s={search_term_string}"},"query-input":{"@type":"PropertyValueSpecification","valueRequired":true,"valueName":"search_term_string"}}],"inLanguage":"it-IT"},{"@type":"Organization","@id":"https:\/\/www.mid-med.com\/#organization","name":"M\u00e9dical Innovation D\u00e9veloppement","url":"https:\/\/www.mid-med.com\/","logo":{"@type":"ImageObject","inLanguage":"it-IT","@id":"https:\/\/www.mid-med.com\/#\/schema\/logo\/image\/","url":"https:\/\/www.mid-med.com\/wp-content\/uploads\/2020\/02\/cropped-FAVICON.png","contentUrl":"https:\/\/www.mid-med.com\/wp-content\/uploads\/2020\/02\/cropped-FAVICON.png","width":512,"height":512,"caption":"M\u00e9dical Innovation D\u00e9veloppement"},"image":{"@id":"https:\/\/www.mid-med.com\/#\/schema\/logo\/image\/"},"sameAs":["https:\/\/www.youtube.com\/channel\/UC9_dqw4pEUXutRtVfOBI15g"]}]}},"_links":{"self":[{"href":"https:\/\/www.mid-med.com\/it\/wp-json\/wp\/v2\/pages\/2421\/"}],"collection":[{"href":"https:\/\/www.mid-med.com\/it\/wp-json\/wp\/v2\/pages\/"}],"about":[{"href":"https:\/\/www.mid-med.com\/it\/wp-json\/wp\/v2\/types\/page\/"}],"author":[{"embeddable":true,"href":"https:\/\/www.mid-med.com\/it\/wp-json\/wp\/v2\/users\/1\/"}],"replies":[{"embeddable":true,"href":"https:\/\/www.mid-med.com\/it\/wp-json\/wp\/v2\/comments\/?post=2421"}],"version-history":[{"count":3,"href":"https:\/\/www.mid-med.com\/it\/wp-json\/wp\/v2\/pages\/2421\/revisions\/"}],"predecessor-version":[{"id":2424,"href":"https:\/\/www.mid-med.com\/it\/wp-json\/wp\/v2\/pages\/2421\/revisions\/2424\/"}],"up":[{"embeddable":true,"href":"https:\/\/www.mid-med.com\/it\/wp-json\/wp\/v2\/pages\/2450\/"}],"wp:attachment":[{"href":"https:\/\/www.mid-med.com\/it\/wp-json\/wp\/v2\/media\/?parent=2421"}],"curies":[{"name":"wp","href":"https:\/\/api.w.org\/{rel}","templated":true}]}}