{"id":2426,"date":"2015-11-08T15:07:15","date_gmt":"2015-11-08T15:07:15","guid":{"rendered":"https:\/\/www.mid-med.com\/?page_id=2426"},"modified":"2016-01-27T10:35:02","modified_gmt":"2016-01-27T10:35:02","slug":"chirugia-dell-obesita","status":"publish","type":"page","link":"https:\/\/www.mid-med.com\/it\/chirurgia\/chirugia-dell-obesita\/","title":{"rendered":"Chirurgia dell\u2019 obesita\u2019"},"content":{"rendered":"<h2>Dal 1997 OBESITA&#8217;\u00e8 stato classificato dall&#8217; OMS (Organizzazione Mondiale della Sanit\u00e0) come una malattia cronica. E&#8217; una delle maggiori epidemie non iffettive del 21\u00b0 secolo.<\/h2>\n<p><span style=\"font-family: 'Times New Roman', serif;\"><span style=\"font-size: medium;\"><span style=\"color: #000000;\"><span style=\"font-family: Helvetica, serif;\"><span style=\"font-size: medium;\"><span lang=\"it-IT\">L&#8217;obesit\u00e0 \u00e8 causata da un eccessivo accumulo di grasso ed \u00e8 dannosa per la salute fisica e psicologica.Obesit\u00e0 ha un impatto negativo sulla qualit\u00e0 della vita e porta gravi conseguenze sociali.<\/span><\/span><\/span><\/span><\/span><\/span><\/p>\n<p><strong>L\u2019ob\u00e9sit\u00e0 nel\u00a0mondo:\u00a0<\/strong><span style=\"font-family: 'Times New Roman', serif;\"><span style=\"font-size: medium;\"><span style=\"color: #000000;\"><span style=\"font-family: Helvetica, serif;\"><span style=\"font-size: medium;\"><span lang=\"it-IT\">secondo l&#8217;OMS, oltre 1,9 milioni di adulti sono in sovrappeso e pi\u00f9 di 600 milioni di adulti sono obesi (2014 figure). Quasi 42 milioni di bambini sotto i 5 anni sono in sovrappeso o obesi.<\/span><\/span><\/span><\/span><\/span><\/span><\/p>\n<p>&nbsp;<\/p>\n<p><strong>Obesit\u00e0 in Francia (fonte OBEPI-ROCHE 2012):<br \/>\n<\/strong><\/p>\n<p><span style=\"font-family: 'Times New Roman', serif;\"><span style=\"font-size: medium;\"><span style=\"color: #000000;\"><span style=\"font-family: Helvetica, serif;\"><span style=\"font-size: medium;\"><span lang=\"it-IT\">Il 15% della popolazione adulta, che equivale a oltre 6,9 milioni di persone, \u00e8 obesa.<br \/>\n<\/span><\/span><\/span><\/span><\/span><\/span><span style=\"font-family: 'Times New Roman', serif;\"><span style=\"font-size: medium;\"><span style=\"color: #000000;\"><span style=\"font-family: Helvetica, serif;\"><span style=\"font-size: medium;\"><span lang=\"it-IT\">32,3% della popolazione adulta o circa 14,8 milioni di persone, \u00e8 in sovrappeso.<br \/>\n<\/span><\/span><\/span><\/span><\/span><\/span><span style=\"font-family: 'Times New Roman', serif;\"><span style=\"font-size: medium;\"><span style=\"color: #000000;\"><span style=\"font-family: Helvetica, serif;\"><span style=\"font-size: medium;\"><span lang=\"it-IT\">Per saperne di pi\u00f9 nel Mondo:<\/span><\/span><\/span><\/span><\/span><\/span><\/p>\n<div class=\"margin\"><\/div>\n<h4 class=\"consult\" style=\"text-align: center;\"><strong>CONSULTARE UNO\u00a0MEDICO\u00a0DELLE MEDICINA GENERALI<\/strong><\/h4>\n","protected":false},"excerpt":{"rendered":"<p>Dal 1997 OBESITA&#8217;\u00e8 stato classificato dall&#8217; OMS (Organizzazione Mondiale della Sanit\u00e0) come una malattia cronica. E&#8217; una delle maggiori epidemie non iffettive del 21\u00b0 secolo. L&#8217;obesit\u00e0 \u00e8 causata da un eccessivo accumulo di grasso ed \u00e8 dannosa per la salute fisica e psicologica.Obesit\u00e0 ha un impatto negativo sulla qualit\u00e0 della vita e porta gravi conseguenze [&hellip;]<\/p>\n","protected":false},"author":1,"featured_media":0,"parent":2450,"menu_order":0,"comment_status":"closed","ping_status":"closed","template":"","meta":{"_acf_changed":false,"footnotes":""},"class_list":["post-2426","page","type-page","status-publish","hentry"],"acf":[],"yoast_head":"<!-- This site is optimized with the Yoast SEO plugin v26.7 - https:\/\/yoast.com\/wordpress\/plugins\/seo\/ -->\n<title>Chirurgia dell\u2019 obesita\u2019<\/title>\n<meta name=\"robots\" content=\"index, follow, max-snippet:-1, max-image-preview:large, max-video-preview:-1\" \/>\n<link rel=\"canonical\" href=\"https:\/\/www.mid-med.com\/it\/chirurgia\/chirugia-dell-obesita\/\" \/>\n<meta property=\"og:locale\" content=\"it_IT\" \/>\n<meta property=\"og:type\" content=\"article\" \/>\n<meta property=\"og:title\" content=\"Chirurgia dell\u2019 obesita\u2019\" \/>\n<meta property=\"og:description\" content=\"Dal 1997 OBESITA&#8217;\u00e8 stato classificato dall&#8217; OMS (Organizzazione Mondiale della Sanit\u00e0) come una malattia cronica. E&#8217; una delle maggiori epidemie non iffettive del 21\u00b0 secolo. L&#8217;obesit\u00e0 \u00e8 causata da un eccessivo accumulo di grasso ed \u00e8 dannosa per la salute fisica e psicologica.Obesit\u00e0 ha un impatto negativo sulla qualit\u00e0 della vita e porta gravi conseguenze [&hellip;]\" \/>\n<meta property=\"og:url\" content=\"https:\/\/www.mid-med.com\/it\/chirurgia\/chirugia-dell-obesita\/\" \/>\n<meta property=\"og:site_name\" content=\"mid-med\" \/>\n<meta property=\"article:modified_time\" content=\"2016-01-27T10:35:02+00:00\" \/>\n<meta property=\"og:image\" content=\"https:\/\/www.mid-med.com\/wp-content\/uploads\/2020\/02\/cropped-FAVICON.png\" \/>\n\t<meta property=\"og:image:width\" content=\"512\" \/>\n\t<meta property=\"og:image:height\" content=\"512\" \/>\n\t<meta property=\"og:image:type\" content=\"image\/png\" \/>\n<meta name=\"twitter:label1\" content=\"Tempo di lettura stimato\" \/>\n\t<meta name=\"twitter:data1\" content=\"1 minuto\" \/>\n<script type=\"application\/ld+json\" class=\"yoast-schema-graph\">{\"@context\":\"https:\/\/schema.org\",\"@graph\":[{\"@type\":\"WebPage\",\"@id\":\"https:\/\/www.mid-med.com\/it\/chirurgia\/chirugia-dell-obesita\/\",\"url\":\"https:\/\/www.mid-med.com\/it\/chirurgia\/chirugia-dell-obesita\/\",\"name\":\"Chirurgia dell\u2019 obesita\u2019\",\"isPartOf\":{\"@id\":\"https:\/\/www.mid-med.com\/#website\"},\"datePublished\":\"2015-11-08T15:07:15+00:00\",\"dateModified\":\"2016-01-27T10:35:02+00:00\",\"breadcrumb\":{\"@id\":\"https:\/\/www.mid-med.com\/it\/chirurgia\/chirugia-dell-obesita\/#breadcrumb\"},\"inLanguage\":\"it-IT\",\"potentialAction\":[{\"@type\":\"ReadAction\",\"target\":[\"https:\/\/www.mid-med.com\/it\/chirurgia\/chirugia-dell-obesita\/\"]}]},{\"@type\":\"BreadcrumbList\",\"@id\":\"https:\/\/www.mid-med.com\/it\/chirurgia\/chirugia-dell-obesita\/#breadcrumb\",\"itemListElement\":[{\"@type\":\"ListItem\",\"position\":1,\"name\":\"Accueil\",\"item\":\"https:\/\/www.mid-med.com\/it\/\"},{\"@type\":\"ListItem\",\"position\":2,\"name\":\"Chirurgia\",\"item\":\"https:\/\/www.mid-med.com\/it\/chirurgia\/\"},{\"@type\":\"ListItem\",\"position\":3,\"name\":\"Chirurgia dell\u2019 obesita\u2019\"}]},{\"@type\":\"WebSite\",\"@id\":\"https:\/\/www.mid-med.com\/#website\",\"url\":\"https:\/\/www.mid-med.com\/\",\"name\":\"mid-med\",\"description\":\"\",\"publisher\":{\"@id\":\"https:\/\/www.mid-med.com\/#organization\"},\"potentialAction\":[{\"@type\":\"SearchAction\",\"target\":{\"@type\":\"EntryPoint\",\"urlTemplate\":\"https:\/\/www.mid-med.com\/?s={search_term_string}\"},\"query-input\":{\"@type\":\"PropertyValueSpecification\",\"valueRequired\":true,\"valueName\":\"search_term_string\"}}],\"inLanguage\":\"it-IT\"},{\"@type\":\"Organization\",\"@id\":\"https:\/\/www.mid-med.com\/#organization\",\"name\":\"M\u00e9dical Innovation D\u00e9veloppement\",\"url\":\"https:\/\/www.mid-med.com\/\",\"logo\":{\"@type\":\"ImageObject\",\"inLanguage\":\"it-IT\",\"@id\":\"https:\/\/www.mid-med.com\/#\/schema\/logo\/image\/\",\"url\":\"https:\/\/www.mid-med.com\/wp-content\/uploads\/2020\/02\/cropped-FAVICON.png\",\"contentUrl\":\"https:\/\/www.mid-med.com\/wp-content\/uploads\/2020\/02\/cropped-FAVICON.png\",\"width\":512,\"height\":512,\"caption\":\"M\u00e9dical Innovation D\u00e9veloppement\"},\"image\":{\"@id\":\"https:\/\/www.mid-med.com\/#\/schema\/logo\/image\/\"},\"sameAs\":[\"https:\/\/www.youtube.com\/channel\/UC9_dqw4pEUXutRtVfOBI15g\"]}]}<\/script>\n<!-- \/ Yoast SEO plugin. -->","yoast_head_json":{"title":"Chirurgia dell\u2019 obesita\u2019","robots":{"index":"index","follow":"follow","max-snippet":"max-snippet:-1","max-image-preview":"max-image-preview:large","max-video-preview":"max-video-preview:-1"},"canonical":"https:\/\/www.mid-med.com\/it\/chirurgia\/chirugia-dell-obesita\/","og_locale":"it_IT","og_type":"article","og_title":"Chirurgia dell\u2019 obesita\u2019","og_description":"Dal 1997 OBESITA&#8217;\u00e8 stato classificato dall&#8217; OMS (Organizzazione Mondiale della Sanit\u00e0) come una malattia cronica. E&#8217; una delle maggiori epidemie non iffettive del 21\u00b0 secolo. L&#8217;obesit\u00e0 \u00e8 causata da un eccessivo accumulo di grasso ed \u00e8 dannosa per la salute fisica e psicologica.Obesit\u00e0 ha un impatto negativo sulla qualit\u00e0 della vita e porta gravi conseguenze [&hellip;]","og_url":"https:\/\/www.mid-med.com\/it\/chirurgia\/chirugia-dell-obesita\/","og_site_name":"mid-med","article_modified_time":"2016-01-27T10:35:02+00:00","og_image":[{"width":512,"height":512,"url":"https:\/\/www.mid-med.com\/wp-content\/uploads\/2020\/02\/cropped-FAVICON.png","type":"image\/png"}],"twitter_misc":{"Tempo di lettura stimato":"1 minuto"},"schema":{"@context":"https:\/\/schema.org","@graph":[{"@type":"WebPage","@id":"https:\/\/www.mid-med.com\/it\/chirurgia\/chirugia-dell-obesita\/","url":"https:\/\/www.mid-med.com\/it\/chirurgia\/chirugia-dell-obesita\/","name":"Chirurgia dell\u2019 obesita\u2019","isPartOf":{"@id":"https:\/\/www.mid-med.com\/#website"},"datePublished":"2015-11-08T15:07:15+00:00","dateModified":"2016-01-27T10:35:02+00:00","breadcrumb":{"@id":"https:\/\/www.mid-med.com\/it\/chirurgia\/chirugia-dell-obesita\/#breadcrumb"},"inLanguage":"it-IT","potentialAction":[{"@type":"ReadAction","target":["https:\/\/www.mid-med.com\/it\/chirurgia\/chirugia-dell-obesita\/"]}]},{"@type":"BreadcrumbList","@id":"https:\/\/www.mid-med.com\/it\/chirurgia\/chirugia-dell-obesita\/#breadcrumb","itemListElement":[{"@type":"ListItem","position":1,"name":"Accueil","item":"https:\/\/www.mid-med.com\/it\/"},{"@type":"ListItem","position":2,"name":"Chirurgia","item":"https:\/\/www.mid-med.com\/it\/chirurgia\/"},{"@type":"ListItem","position":3,"name":"Chirurgia dell\u2019 obesita\u2019"}]},{"@type":"WebSite","@id":"https:\/\/www.mid-med.com\/#website","url":"https:\/\/www.mid-med.com\/","name":"mid-med","description":"","publisher":{"@id":"https:\/\/www.mid-med.com\/#organization"},"potentialAction":[{"@type":"SearchAction","target":{"@type":"EntryPoint","urlTemplate":"https:\/\/www.mid-med.com\/?s={search_term_string}"},"query-input":{"@type":"PropertyValueSpecification","valueRequired":true,"valueName":"search_term_string"}}],"inLanguage":"it-IT"},{"@type":"Organization","@id":"https:\/\/www.mid-med.com\/#organization","name":"M\u00e9dical Innovation D\u00e9veloppement","url":"https:\/\/www.mid-med.com\/","logo":{"@type":"ImageObject","inLanguage":"it-IT","@id":"https:\/\/www.mid-med.com\/#\/schema\/logo\/image\/","url":"https:\/\/www.mid-med.com\/wp-content\/uploads\/2020\/02\/cropped-FAVICON.png","contentUrl":"https:\/\/www.mid-med.com\/wp-content\/uploads\/2020\/02\/cropped-FAVICON.png","width":512,"height":512,"caption":"M\u00e9dical Innovation D\u00e9veloppement"},"image":{"@id":"https:\/\/www.mid-med.com\/#\/schema\/logo\/image\/"},"sameAs":["https:\/\/www.youtube.com\/channel\/UC9_dqw4pEUXutRtVfOBI15g"]}]}},"_links":{"self":[{"href":"https:\/\/www.mid-med.com\/it\/wp-json\/wp\/v2\/pages\/2426\/"}],"collection":[{"href":"https:\/\/www.mid-med.com\/it\/wp-json\/wp\/v2\/pages\/"}],"about":[{"href":"https:\/\/www.mid-med.com\/it\/wp-json\/wp\/v2\/types\/page\/"}],"author":[{"embeddable":true,"href":"https:\/\/www.mid-med.com\/it\/wp-json\/wp\/v2\/users\/1\/"}],"replies":[{"embeddable":true,"href":"https:\/\/www.mid-med.com\/it\/wp-json\/wp\/v2\/comments\/?post=2426"}],"version-history":[{"count":3,"href":"https:\/\/www.mid-med.com\/it\/wp-json\/wp\/v2\/pages\/2426\/revisions\/"}],"predecessor-version":[{"id":2449,"href":"https:\/\/www.mid-med.com\/it\/wp-json\/wp\/v2\/pages\/2426\/revisions\/2449\/"}],"up":[{"embeddable":true,"href":"https:\/\/www.mid-med.com\/it\/wp-json\/wp\/v2\/pages\/2450\/"}],"wp:attachment":[{"href":"https:\/\/www.mid-med.com\/it\/wp-json\/wp\/v2\/media\/?parent=2426"}],"curies":[{"name":"wp","href":"https:\/\/api.w.org\/{rel}","templated":true}]}}