{"id":2433,"date":"2015-11-08T20:20:08","date_gmt":"2015-11-08T20:20:08","guid":{"rendered":"https:\/\/www.mid-med.com\/?page_id=2433"},"modified":"2016-01-27T18:58:04","modified_gmt":"2016-01-27T18:58:04","slug":"trattamento-dellobesita","status":"publish","type":"page","link":"https:\/\/www.mid-med.com\/it\/chirurgia\/trattamento-dellobesita\/","title":{"rendered":"Trattamento dell\u2019obesita\u2019"},"content":{"rendered":"<h2><b><\/b>L&#8217;OBIETTIVO E DI AIUTARE IL PAZIENTE A COMPRENDERE LA MALATTIA PER ALLEVIARE I SUOI EFFETTI, A TRATTARE LA COMORBIDITA, SE NECESSARIO E AD ASSISTERLO NEL CAMBIO DELLO STILE DI VITA.<\/h2>\n<p><span style=\"font-family: Calibri, sans-serif;\"><span style=\"font-size: large;\"><span style=\"color: #000000;\"><span lang=\"it-IT\">Dal 2012, 37 Centri Specializzati nell\u2019 Obesit\u00e0 (CSO) sono stati designati dalle autorit\u00e0 sanitarie francesi HAS (Haute Autorit\u00e9 de Sant\u00e9).<\/span><\/span><\/span><\/span><\/p>\n<p><span style=\"font-family: Calibri, sans-serif;\"><span style=\"font-size: large;\"><span style=\"color: #000000;\"><span lang=\"it-IT\">Il trattamento di questa malattia multiforme non pu\u00f2 essere limitata ad una dieta. Il trattamento deve essere personalizzato per ciascun paziente ed eseguito da medici esperti: Il team multidisciplinare.<br \/>\nL&#8217;Intervento\u00a0<\/span><\/span><\/span><\/span>pu\u00f2 essere offerto come parte di questo trattamento.<\/p>\n<h3>Esistono tre principali procedure :<\/h3>\n<ul>\n<li><a href=\"http:\/\/www.ifso.com\/adjustable-gastric-banding\/\" target=\"_blank\">Bendaggio\u00a0Gastrico<\/a><\/li>\n<li><a href=\"http:\/\/www.ifso.com\/sleeve-gastrectomy\/\" target=\"_blank\">The\u00a0Sleeve gastrectomy<\/a><\/li>\n<li><a href=\"http:\/\/www.ifso.com\/roux-en-y-gastric-bypass\/\" target=\"_blank\">By-Pass gastrico<\/a><\/li>\n<\/ul>\n<h3>Questo tipo di chirurgia pu<b>\u00f2 essere\u00a0prescritto secondo criteri precisi, per pazienti adult ti dopo fallimento di diversi mesi di trattamento da un specializzato e se:<\/b><\/h3>\n<ul>\n<li>BMi \u00e8 oltre 40<\/li>\n<li>BMI \u00e8 oltre 35 con esperienza di comorbidity<\/li>\n<\/ul>\n<div class=\"margin\">\n<div class=\"primary\"><\/div>\n<div class=\"primary\"><a href=\"http:\/\/www.ifso.com\/obesity\/\" target=\"_blank\"><img loading=\"lazy\" decoding=\"async\" class=\" wp-image-786\" src=\"https:\/\/www.mid-med.com\/wp-content\/uploads\/2015\/07\/ifso-logo.png\" alt=\"ifso-logo\" width=\"202\" height=\"75\" \/><\/a><\/div>\n<div class=\"primary\"><a href=\"http:\/\/www.who.int\/topics\/obesity\/en\/\" target=\"_blank\"><img loading=\"lazy\" decoding=\"async\" class=\" wp-image-782\" src=\"https:\/\/www.mid-med.com\/wp-content\/uploads\/2015\/07\/WHO1.jpg\" alt=\"WHO\" width=\"223\" height=\"80\" \/><\/a><\/div>\n<div class=\"clear\"><\/div>\n<\/div>\n<h4 class=\"consult\" style=\"text-align: center;\"><strong>CONSULTARE\u00a0UN MEDICO DI MEDICINA GENERALE<\/strong><\/h4>\n","protected":false},"excerpt":{"rendered":"<p>L&#8217;OBIETTIVO E DI AIUTARE IL PAZIENTE A COMPRENDERE LA MALATTIA PER ALLEVIARE I SUOI EFFETTI, A TRATTARE LA COMORBIDITA, SE NECESSARIO E AD ASSISTERLO NEL CAMBIO DELLO STILE DI VITA. Dal 2012, 37 Centri Specializzati nell\u2019 Obesit\u00e0 (CSO) sono stati designati dalle autorit\u00e0 sanitarie francesi HAS (Haute Autorit\u00e9 de Sant\u00e9). Il trattamento di questa malattia [&hellip;]<\/p>\n","protected":false},"author":1,"featured_media":0,"parent":2450,"menu_order":0,"comment_status":"closed","ping_status":"closed","template":"","meta":{"_acf_changed":false,"footnotes":""},"class_list":["post-2433","page","type-page","status-publish","hentry"],"acf":[],"yoast_head":"<!-- This site is optimized with the Yoast SEO plugin v26.7 - https:\/\/yoast.com\/wordpress\/plugins\/seo\/ -->\n<title>Trattamento dell\u2019obesita\u2019 - mid-med<\/title>\n<meta name=\"robots\" content=\"index, follow, max-snippet:-1, max-image-preview:large, max-video-preview:-1\" \/>\n<link rel=\"canonical\" href=\"https:\/\/www.mid-med.com\/it\/chirurgia\/trattamento-dellobesita\/\" \/>\n<meta property=\"og:locale\" content=\"it_IT\" \/>\n<meta property=\"og:type\" content=\"article\" \/>\n<meta property=\"og:title\" content=\"Trattamento dell\u2019obesita\u2019 - mid-med\" \/>\n<meta property=\"og:description\" content=\"L&#8217;OBIETTIVO E DI AIUTARE IL PAZIENTE A COMPRENDERE LA MALATTIA PER ALLEVIARE I SUOI EFFETTI, A TRATTARE LA COMORBIDITA, SE NECESSARIO E AD ASSISTERLO NEL CAMBIO DELLO STILE DI VITA. Dal 2012, 37 Centri Specializzati nell\u2019 Obesit\u00e0 (CSO) sono stati designati dalle autorit\u00e0 sanitarie francesi HAS (Haute Autorit\u00e9 de Sant\u00e9). Il trattamento di questa malattia [&hellip;]\" \/>\n<meta property=\"og:url\" content=\"https:\/\/www.mid-med.com\/it\/chirurgia\/trattamento-dellobesita\/\" \/>\n<meta property=\"og:site_name\" content=\"mid-med\" \/>\n<meta property=\"article:modified_time\" content=\"2016-01-27T18:58:04+00:00\" \/>\n<meta property=\"og:image\" content=\"https:\/\/www.mid-med.com\/wp-content\/uploads\/2015\/07\/ifso-logo.png\" \/>\n<meta name=\"twitter:label1\" content=\"Tempo di lettura stimato\" \/>\n\t<meta name=\"twitter:data1\" content=\"1 minuto\" \/>\n<script type=\"application\/ld+json\" class=\"yoast-schema-graph\">{\"@context\":\"https:\/\/schema.org\",\"@graph\":[{\"@type\":\"WebPage\",\"@id\":\"https:\/\/www.mid-med.com\/it\/chirurgia\/trattamento-dellobesita\/\",\"url\":\"https:\/\/www.mid-med.com\/it\/chirurgia\/trattamento-dellobesita\/\",\"name\":\"Trattamento dell\u2019obesita\u2019 - mid-med\",\"isPartOf\":{\"@id\":\"https:\/\/www.mid-med.com\/#website\"},\"primaryImageOfPage\":{\"@id\":\"https:\/\/www.mid-med.com\/it\/chirurgia\/trattamento-dellobesita\/#primaryimage\"},\"image\":{\"@id\":\"https:\/\/www.mid-med.com\/it\/chirurgia\/trattamento-dellobesita\/#primaryimage\"},\"thumbnailUrl\":\"https:\/\/www.mid-med.com\/wp-content\/uploads\/2015\/07\/ifso-logo.png\",\"datePublished\":\"2015-11-08T20:20:08+00:00\",\"dateModified\":\"2016-01-27T18:58:04+00:00\",\"breadcrumb\":{\"@id\":\"https:\/\/www.mid-med.com\/it\/chirurgia\/trattamento-dellobesita\/#breadcrumb\"},\"inLanguage\":\"it-IT\",\"potentialAction\":[{\"@type\":\"ReadAction\",\"target\":[\"https:\/\/www.mid-med.com\/it\/chirurgia\/trattamento-dellobesita\/\"]}]},{\"@type\":\"ImageObject\",\"inLanguage\":\"it-IT\",\"@id\":\"https:\/\/www.mid-med.com\/it\/chirurgia\/trattamento-dellobesita\/#primaryimage\",\"url\":\"https:\/\/www.mid-med.com\/wp-content\/uploads\/2015\/07\/ifso-logo.png\",\"contentUrl\":\"https:\/\/www.mid-med.com\/wp-content\/uploads\/2015\/07\/ifso-logo.png\"},{\"@type\":\"BreadcrumbList\",\"@id\":\"https:\/\/www.mid-med.com\/it\/chirurgia\/trattamento-dellobesita\/#breadcrumb\",\"itemListElement\":[{\"@type\":\"ListItem\",\"position\":1,\"name\":\"Accueil\",\"item\":\"https:\/\/www.mid-med.com\/it\/\"},{\"@type\":\"ListItem\",\"position\":2,\"name\":\"Chirurgia\",\"item\":\"https:\/\/www.mid-med.com\/it\/chirurgia\/\"},{\"@type\":\"ListItem\",\"position\":3,\"name\":\"Trattamento dell\u2019obesita\u2019\"}]},{\"@type\":\"WebSite\",\"@id\":\"https:\/\/www.mid-med.com\/#website\",\"url\":\"https:\/\/www.mid-med.com\/\",\"name\":\"mid-med\",\"description\":\"\",\"publisher\":{\"@id\":\"https:\/\/www.mid-med.com\/#organization\"},\"potentialAction\":[{\"@type\":\"SearchAction\",\"target\":{\"@type\":\"EntryPoint\",\"urlTemplate\":\"https:\/\/www.mid-med.com\/?s={search_term_string}\"},\"query-input\":{\"@type\":\"PropertyValueSpecification\",\"valueRequired\":true,\"valueName\":\"search_term_string\"}}],\"inLanguage\":\"it-IT\"},{\"@type\":\"Organization\",\"@id\":\"https:\/\/www.mid-med.com\/#organization\",\"name\":\"M\u00e9dical Innovation D\u00e9veloppement\",\"url\":\"https:\/\/www.mid-med.com\/\",\"logo\":{\"@type\":\"ImageObject\",\"inLanguage\":\"it-IT\",\"@id\":\"https:\/\/www.mid-med.com\/#\/schema\/logo\/image\/\",\"url\":\"https:\/\/www.mid-med.com\/wp-content\/uploads\/2020\/02\/cropped-FAVICON.png\",\"contentUrl\":\"https:\/\/www.mid-med.com\/wp-content\/uploads\/2020\/02\/cropped-FAVICON.png\",\"width\":512,\"height\":512,\"caption\":\"M\u00e9dical Innovation D\u00e9veloppement\"},\"image\":{\"@id\":\"https:\/\/www.mid-med.com\/#\/schema\/logo\/image\/\"},\"sameAs\":[\"https:\/\/www.youtube.com\/channel\/UC9_dqw4pEUXutRtVfOBI15g\"]}]}<\/script>\n<!-- \/ Yoast SEO plugin. -->","yoast_head_json":{"title":"Trattamento dell\u2019obesita\u2019 - mid-med","robots":{"index":"index","follow":"follow","max-snippet":"max-snippet:-1","max-image-preview":"max-image-preview:large","max-video-preview":"max-video-preview:-1"},"canonical":"https:\/\/www.mid-med.com\/it\/chirurgia\/trattamento-dellobesita\/","og_locale":"it_IT","og_type":"article","og_title":"Trattamento dell\u2019obesita\u2019 - mid-med","og_description":"L&#8217;OBIETTIVO E DI AIUTARE IL PAZIENTE A COMPRENDERE LA MALATTIA PER ALLEVIARE I SUOI EFFETTI, A TRATTARE LA COMORBIDITA, SE NECESSARIO E AD ASSISTERLO NEL CAMBIO DELLO STILE DI VITA. Dal 2012, 37 Centri Specializzati nell\u2019 Obesit\u00e0 (CSO) sono stati designati dalle autorit\u00e0 sanitarie francesi HAS (Haute Autorit\u00e9 de Sant\u00e9). Il trattamento di questa malattia [&hellip;]","og_url":"https:\/\/www.mid-med.com\/it\/chirurgia\/trattamento-dellobesita\/","og_site_name":"mid-med","article_modified_time":"2016-01-27T18:58:04+00:00","og_image":[{"url":"https:\/\/www.mid-med.com\/wp-content\/uploads\/2015\/07\/ifso-logo.png","type":"","width":"","height":""}],"twitter_misc":{"Tempo di lettura stimato":"1 minuto"},"schema":{"@context":"https:\/\/schema.org","@graph":[{"@type":"WebPage","@id":"https:\/\/www.mid-med.com\/it\/chirurgia\/trattamento-dellobesita\/","url":"https:\/\/www.mid-med.com\/it\/chirurgia\/trattamento-dellobesita\/","name":"Trattamento dell\u2019obesita\u2019 - mid-med","isPartOf":{"@id":"https:\/\/www.mid-med.com\/#website"},"primaryImageOfPage":{"@id":"https:\/\/www.mid-med.com\/it\/chirurgia\/trattamento-dellobesita\/#primaryimage"},"image":{"@id":"https:\/\/www.mid-med.com\/it\/chirurgia\/trattamento-dellobesita\/#primaryimage"},"thumbnailUrl":"https:\/\/www.mid-med.com\/wp-content\/uploads\/2015\/07\/ifso-logo.png","datePublished":"2015-11-08T20:20:08+00:00","dateModified":"2016-01-27T18:58:04+00:00","breadcrumb":{"@id":"https:\/\/www.mid-med.com\/it\/chirurgia\/trattamento-dellobesita\/#breadcrumb"},"inLanguage":"it-IT","potentialAction":[{"@type":"ReadAction","target":["https:\/\/www.mid-med.com\/it\/chirurgia\/trattamento-dellobesita\/"]}]},{"@type":"ImageObject","inLanguage":"it-IT","@id":"https:\/\/www.mid-med.com\/it\/chirurgia\/trattamento-dellobesita\/#primaryimage","url":"https:\/\/www.mid-med.com\/wp-content\/uploads\/2015\/07\/ifso-logo.png","contentUrl":"https:\/\/www.mid-med.com\/wp-content\/uploads\/2015\/07\/ifso-logo.png"},{"@type":"BreadcrumbList","@id":"https:\/\/www.mid-med.com\/it\/chirurgia\/trattamento-dellobesita\/#breadcrumb","itemListElement":[{"@type":"ListItem","position":1,"name":"Accueil","item":"https:\/\/www.mid-med.com\/it\/"},{"@type":"ListItem","position":2,"name":"Chirurgia","item":"https:\/\/www.mid-med.com\/it\/chirurgia\/"},{"@type":"ListItem","position":3,"name":"Trattamento dell\u2019obesita\u2019"}]},{"@type":"WebSite","@id":"https:\/\/www.mid-med.com\/#website","url":"https:\/\/www.mid-med.com\/","name":"mid-med","description":"","publisher":{"@id":"https:\/\/www.mid-med.com\/#organization"},"potentialAction":[{"@type":"SearchAction","target":{"@type":"EntryPoint","urlTemplate":"https:\/\/www.mid-med.com\/?s={search_term_string}"},"query-input":{"@type":"PropertyValueSpecification","valueRequired":true,"valueName":"search_term_string"}}],"inLanguage":"it-IT"},{"@type":"Organization","@id":"https:\/\/www.mid-med.com\/#organization","name":"M\u00e9dical Innovation D\u00e9veloppement","url":"https:\/\/www.mid-med.com\/","logo":{"@type":"ImageObject","inLanguage":"it-IT","@id":"https:\/\/www.mid-med.com\/#\/schema\/logo\/image\/","url":"https:\/\/www.mid-med.com\/wp-content\/uploads\/2020\/02\/cropped-FAVICON.png","contentUrl":"https:\/\/www.mid-med.com\/wp-content\/uploads\/2020\/02\/cropped-FAVICON.png","width":512,"height":512,"caption":"M\u00e9dical Innovation D\u00e9veloppement"},"image":{"@id":"https:\/\/www.mid-med.com\/#\/schema\/logo\/image\/"},"sameAs":["https:\/\/www.youtube.com\/channel\/UC9_dqw4pEUXutRtVfOBI15g"]}]}},"_links":{"self":[{"href":"https:\/\/www.mid-med.com\/it\/wp-json\/wp\/v2\/pages\/2433\/"}],"collection":[{"href":"https:\/\/www.mid-med.com\/it\/wp-json\/wp\/v2\/pages\/"}],"about":[{"href":"https:\/\/www.mid-med.com\/it\/wp-json\/wp\/v2\/types\/page\/"}],"author":[{"embeddable":true,"href":"https:\/\/www.mid-med.com\/it\/wp-json\/wp\/v2\/users\/1\/"}],"replies":[{"embeddable":true,"href":"https:\/\/www.mid-med.com\/it\/wp-json\/wp\/v2\/comments\/?post=2433"}],"version-history":[{"count":8,"href":"https:\/\/www.mid-med.com\/it\/wp-json\/wp\/v2\/pages\/2433\/revisions\/"}],"predecessor-version":[{"id":2962,"href":"https:\/\/www.mid-med.com\/it\/wp-json\/wp\/v2\/pages\/2433\/revisions\/2962\/"}],"up":[{"embeddable":true,"href":"https:\/\/www.mid-med.com\/it\/wp-json\/wp\/v2\/pages\/2450\/"}],"wp:attachment":[{"href":"https:\/\/www.mid-med.com\/it\/wp-json\/wp\/v2\/media\/?parent=2433"}],"curies":[{"name":"wp","href":"https:\/\/api.w.org\/{rel}","templated":true}]}}