{"id":1433,"date":"2015-10-14T12:14:27","date_gmt":"2015-10-14T12:14:27","guid":{"rendered":"https:\/\/www.mid-med.com\/?page_id=1433"},"modified":"2015-10-15T14:58:09","modified_gmt":"2015-10-15T14:58:09","slug":"uma-saude-de-risco","status":"publish","type":"page","link":"https:\/\/www.mid-med.com\/pt-br\/cirurgia\/uma-saude-de-risco\/","title":{"rendered":"Uma saude de risco"},"content":{"rendered":"<h2>Quanto mais o peso de um indiv\u00edduo \u00e9 desordenadamente aumentado, maior \u00e9 o risco de desenvolver doen\u00e7as.<\/h2>\n<p><em>Comorbidades s\u00e3o as doen\u00e7as associadas \u00e0 obesidade.<\/em><\/p>\n<h3>Exemplos de comorbidades (doen\u00e7as associadas)\u00a0:<\/h3>\n<ul>\n<li>Hipertens\u00e3o arterial<\/li>\n<li>Infarto do mioc\u00e1rdio<\/li>\n<li>Acidente vascular cerebral (AVC)<\/li>\n<li>Diabetes<\/li>\n<li>S\u00edndrome metab\u00f3lica<\/li>\n<li>Dislipidemia<\/li>\n<li>Artrose<\/li>\n<li>H\u00e9rnia de disco.<\/li>\n<li>Inc\u00f4modo respirat\u00f3rio<\/li>\n<li>Apn\u00e9ia do sono<\/li>\n<li>Risco mais elevado de c\u00e2ncer<\/li>\n<li>Desordem do ciclo hormonal<\/li>\n<li>Depress\u00e3o, entre outras.<\/li>\n<\/ul>\n<p>Direta ou indiretamente, essas doen\u00e7as exp\u00f5em o paciente obeso a riscos de complica\u00e7\u00e3o e podem reduzir a sua expectativa de vida.<\/p>\n<h4 class=\"consult\" style=\"text-align: center;\"><strong>CONSULTE SEU M\u00c9DICO CL\u00cdNICO GERAL<\/strong><\/h4>\n","protected":false},"excerpt":{"rendered":"<p>Quanto mais o peso de um indiv\u00edduo \u00e9 desordenadamente aumentado, maior \u00e9 o risco de desenvolver doen\u00e7as. Comorbidades s\u00e3o as doen\u00e7as associadas \u00e0 obesidade. Exemplos de comorbidades (doen\u00e7as associadas)\u00a0: Hipertens\u00e3o arterial Infarto do mioc\u00e1rdio Acidente vascular cerebral (AVC) Diabetes S\u00edndrome metab\u00f3lica Dislipidemia Artrose H\u00e9rnia de disco. Inc\u00f4modo respirat\u00f3rio Apn\u00e9ia do sono Risco mais elevado de [&hellip;]<\/p>\n","protected":false},"author":1,"featured_media":0,"parent":1416,"menu_order":0,"comment_status":"closed","ping_status":"closed","template":"","meta":{"_acf_changed":false,"footnotes":""},"class_list":["post-1433","page","type-page","status-publish","hentry"],"acf":[],"yoast_head":"<!-- This site is optimized with the Yoast SEO plugin v26.7 - https:\/\/yoast.com\/wordpress\/plugins\/seo\/ -->\n<title>saude - obesidade - mid - cirurgia<\/title>\n<meta name=\"robots\" content=\"index, follow, max-snippet:-1, max-image-preview:large, max-video-preview:-1\" \/>\n<link rel=\"canonical\" href=\"https:\/\/www.mid-med.com\/pt-br\/cirurgia\/uma-saude-de-risco\/\" \/>\n<meta property=\"og:locale\" content=\"pt_BR\" \/>\n<meta property=\"og:type\" content=\"article\" \/>\n<meta property=\"og:title\" content=\"saude - obesidade - mid - cirurgia\" \/>\n<meta property=\"og:description\" content=\"Quanto mais o peso de um indiv\u00edduo \u00e9 desordenadamente aumentado, maior \u00e9 o risco de desenvolver doen\u00e7as. Comorbidades s\u00e3o as doen\u00e7as associadas \u00e0 obesidade. Exemplos de comorbidades (doen\u00e7as associadas)\u00a0: Hipertens\u00e3o arterial Infarto do mioc\u00e1rdio Acidente vascular cerebral (AVC) Diabetes S\u00edndrome metab\u00f3lica Dislipidemia Artrose H\u00e9rnia de disco. Inc\u00f4modo respirat\u00f3rio Apn\u00e9ia do sono Risco mais elevado de [&hellip;]\" \/>\n<meta property=\"og:url\" content=\"https:\/\/www.mid-med.com\/pt-br\/cirurgia\/uma-saude-de-risco\/\" \/>\n<meta property=\"og:site_name\" content=\"mid-med\" \/>\n<meta property=\"article:modified_time\" content=\"2015-10-15T14:58:09+00:00\" \/>\n<meta property=\"og:image\" content=\"https:\/\/www.mid-med.com\/wp-content\/uploads\/2020\/02\/cropped-FAVICON.png\" \/>\n\t<meta property=\"og:image:width\" content=\"512\" \/>\n\t<meta property=\"og:image:height\" content=\"512\" \/>\n\t<meta property=\"og:image:type\" content=\"image\/png\" \/>\n<meta name=\"twitter:label1\" content=\"Est. tempo de leitura\" \/>\n\t<meta name=\"twitter:data1\" content=\"1 minuto\" \/>\n<script type=\"application\/ld+json\" class=\"yoast-schema-graph\">{\"@context\":\"https:\/\/schema.org\",\"@graph\":[{\"@type\":\"WebPage\",\"@id\":\"https:\/\/www.mid-med.com\/pt-br\/cirurgia\/uma-saude-de-risco\/\",\"url\":\"https:\/\/www.mid-med.com\/pt-br\/cirurgia\/uma-saude-de-risco\/\",\"name\":\"saude - obesidade - mid - cirurgia\",\"isPartOf\":{\"@id\":\"https:\/\/www.mid-med.com\/#website\"},\"datePublished\":\"2015-10-14T12:14:27+00:00\",\"dateModified\":\"2015-10-15T14:58:09+00:00\",\"breadcrumb\":{\"@id\":\"https:\/\/www.mid-med.com\/pt-br\/cirurgia\/uma-saude-de-risco\/#breadcrumb\"},\"inLanguage\":\"pt-BR\",\"potentialAction\":[{\"@type\":\"ReadAction\",\"target\":[\"https:\/\/www.mid-med.com\/pt-br\/cirurgia\/uma-saude-de-risco\/\"]}]},{\"@type\":\"BreadcrumbList\",\"@id\":\"https:\/\/www.mid-med.com\/pt-br\/cirurgia\/uma-saude-de-risco\/#breadcrumb\",\"itemListElement\":[{\"@type\":\"ListItem\",\"position\":1,\"name\":\"Accueil\",\"item\":\"https:\/\/www.mid-med.com\/pt-br\/\"},{\"@type\":\"ListItem\",\"position\":2,\"name\":\"Cirurgia\",\"item\":\"https:\/\/www.mid-med.com\/pt-br\/cirurgia\/\"},{\"@type\":\"ListItem\",\"position\":3,\"name\":\"Uma saude de risco\"}]},{\"@type\":\"WebSite\",\"@id\":\"https:\/\/www.mid-med.com\/#website\",\"url\":\"https:\/\/www.mid-med.com\/\",\"name\":\"mid-med\",\"description\":\"\",\"publisher\":{\"@id\":\"https:\/\/www.mid-med.com\/#organization\"},\"potentialAction\":[{\"@type\":\"SearchAction\",\"target\":{\"@type\":\"EntryPoint\",\"urlTemplate\":\"https:\/\/www.mid-med.com\/?s={search_term_string}\"},\"query-input\":{\"@type\":\"PropertyValueSpecification\",\"valueRequired\":true,\"valueName\":\"search_term_string\"}}],\"inLanguage\":\"pt-BR\"},{\"@type\":\"Organization\",\"@id\":\"https:\/\/www.mid-med.com\/#organization\",\"name\":\"M\u00e9dical Innovation D\u00e9veloppement\",\"url\":\"https:\/\/www.mid-med.com\/\",\"logo\":{\"@type\":\"ImageObject\",\"inLanguage\":\"pt-BR\",\"@id\":\"https:\/\/www.mid-med.com\/#\/schema\/logo\/image\/\",\"url\":\"https:\/\/www.mid-med.com\/wp-content\/uploads\/2020\/02\/cropped-FAVICON.png\",\"contentUrl\":\"https:\/\/www.mid-med.com\/wp-content\/uploads\/2020\/02\/cropped-FAVICON.png\",\"width\":512,\"height\":512,\"caption\":\"M\u00e9dical Innovation D\u00e9veloppement\"},\"image\":{\"@id\":\"https:\/\/www.mid-med.com\/#\/schema\/logo\/image\/\"},\"sameAs\":[\"https:\/\/www.youtube.com\/channel\/UC9_dqw4pEUXutRtVfOBI15g\"]}]}<\/script>\n<!-- \/ Yoast SEO plugin. -->","yoast_head_json":{"title":"saude - obesidade - mid - cirurgia","robots":{"index":"index","follow":"follow","max-snippet":"max-snippet:-1","max-image-preview":"max-image-preview:large","max-video-preview":"max-video-preview:-1"},"canonical":"https:\/\/www.mid-med.com\/pt-br\/cirurgia\/uma-saude-de-risco\/","og_locale":"pt_BR","og_type":"article","og_title":"saude - obesidade - mid - cirurgia","og_description":"Quanto mais o peso de um indiv\u00edduo \u00e9 desordenadamente aumentado, maior \u00e9 o risco de desenvolver doen\u00e7as. Comorbidades s\u00e3o as doen\u00e7as associadas \u00e0 obesidade. Exemplos de comorbidades (doen\u00e7as associadas)\u00a0: Hipertens\u00e3o arterial Infarto do mioc\u00e1rdio Acidente vascular cerebral (AVC) Diabetes S\u00edndrome metab\u00f3lica Dislipidemia Artrose H\u00e9rnia de disco. Inc\u00f4modo respirat\u00f3rio Apn\u00e9ia do sono Risco mais elevado de [&hellip;]","og_url":"https:\/\/www.mid-med.com\/pt-br\/cirurgia\/uma-saude-de-risco\/","og_site_name":"mid-med","article_modified_time":"2015-10-15T14:58:09+00:00","og_image":[{"width":512,"height":512,"url":"https:\/\/www.mid-med.com\/wp-content\/uploads\/2020\/02\/cropped-FAVICON.png","type":"image\/png"}],"twitter_misc":{"Est. tempo de leitura":"1 minuto"},"schema":{"@context":"https:\/\/schema.org","@graph":[{"@type":"WebPage","@id":"https:\/\/www.mid-med.com\/pt-br\/cirurgia\/uma-saude-de-risco\/","url":"https:\/\/www.mid-med.com\/pt-br\/cirurgia\/uma-saude-de-risco\/","name":"saude - obesidade - mid - cirurgia","isPartOf":{"@id":"https:\/\/www.mid-med.com\/#website"},"datePublished":"2015-10-14T12:14:27+00:00","dateModified":"2015-10-15T14:58:09+00:00","breadcrumb":{"@id":"https:\/\/www.mid-med.com\/pt-br\/cirurgia\/uma-saude-de-risco\/#breadcrumb"},"inLanguage":"pt-BR","potentialAction":[{"@type":"ReadAction","target":["https:\/\/www.mid-med.com\/pt-br\/cirurgia\/uma-saude-de-risco\/"]}]},{"@type":"BreadcrumbList","@id":"https:\/\/www.mid-med.com\/pt-br\/cirurgia\/uma-saude-de-risco\/#breadcrumb","itemListElement":[{"@type":"ListItem","position":1,"name":"Accueil","item":"https:\/\/www.mid-med.com\/pt-br\/"},{"@type":"ListItem","position":2,"name":"Cirurgia","item":"https:\/\/www.mid-med.com\/pt-br\/cirurgia\/"},{"@type":"ListItem","position":3,"name":"Uma saude de risco"}]},{"@type":"WebSite","@id":"https:\/\/www.mid-med.com\/#website","url":"https:\/\/www.mid-med.com\/","name":"mid-med","description":"","publisher":{"@id":"https:\/\/www.mid-med.com\/#organization"},"potentialAction":[{"@type":"SearchAction","target":{"@type":"EntryPoint","urlTemplate":"https:\/\/www.mid-med.com\/?s={search_term_string}"},"query-input":{"@type":"PropertyValueSpecification","valueRequired":true,"valueName":"search_term_string"}}],"inLanguage":"pt-BR"},{"@type":"Organization","@id":"https:\/\/www.mid-med.com\/#organization","name":"M\u00e9dical Innovation D\u00e9veloppement","url":"https:\/\/www.mid-med.com\/","logo":{"@type":"ImageObject","inLanguage":"pt-BR","@id":"https:\/\/www.mid-med.com\/#\/schema\/logo\/image\/","url":"https:\/\/www.mid-med.com\/wp-content\/uploads\/2020\/02\/cropped-FAVICON.png","contentUrl":"https:\/\/www.mid-med.com\/wp-content\/uploads\/2020\/02\/cropped-FAVICON.png","width":512,"height":512,"caption":"M\u00e9dical Innovation D\u00e9veloppement"},"image":{"@id":"https:\/\/www.mid-med.com\/#\/schema\/logo\/image\/"},"sameAs":["https:\/\/www.youtube.com\/channel\/UC9_dqw4pEUXutRtVfOBI15g"]}]}},"_links":{"self":[{"href":"https:\/\/www.mid-med.com\/pt-br\/wp-json\/wp\/v2\/pages\/1433\/"}],"collection":[{"href":"https:\/\/www.mid-med.com\/pt-br\/wp-json\/wp\/v2\/pages\/"}],"about":[{"href":"https:\/\/www.mid-med.com\/pt-br\/wp-json\/wp\/v2\/types\/page\/"}],"author":[{"embeddable":true,"href":"https:\/\/www.mid-med.com\/pt-br\/wp-json\/wp\/v2\/users\/1\/"}],"replies":[{"embeddable":true,"href":"https:\/\/www.mid-med.com\/pt-br\/wp-json\/wp\/v2\/comments\/?post=1433"}],"version-history":[{"count":2,"href":"https:\/\/www.mid-med.com\/pt-br\/wp-json\/wp\/v2\/pages\/1433\/revisions\/"}],"predecessor-version":[{"id":1579,"href":"https:\/\/www.mid-med.com\/pt-br\/wp-json\/wp\/v2\/pages\/1433\/revisions\/1579\/"}],"up":[{"embeddable":true,"href":"https:\/\/www.mid-med.com\/pt-br\/wp-json\/wp\/v2\/pages\/1416\/"}],"wp:attachment":[{"href":"https:\/\/www.mid-med.com\/pt-br\/wp-json\/wp\/v2\/media\/?parent=1433"}],"curies":[{"name":"wp","href":"https:\/\/api.w.org\/{rel}","templated":true}]}}